{"id":3315,"date":"2024-03-01T19:29:32","date_gmt":"2024-03-01T19:29:32","guid":{"rendered":"http:\/\/jucumes.org\/quienes-somos\/?page_id=3315"},"modified":"2025-12-27T20:07:26","modified_gmt":"2025-12-27T20:07:26","slug":"escuelas-secundarias","status":"publish","type":"page","link":"https:\/\/jucumes.org\/en\/escuelas-secundarias\/","title":{"rendered":""},"content":{"rendered":"<div class=\"wp-block-cover has-parallax\"><span aria-hidden=\"true\" class=\"wp-block-cover__background has-background-dim\"><\/span><div class=\"wp-block-cover__image-background wp-image-3531 has-parallax\" style=\"background-position:50% 50%;background-image:url(https:\/\/jucumes.org\/wp-content\/uploads\/2024\/03\/1.jpg)\"><\/div><div class=\"wp-block-cover__inner-container is-layout-constrained wp-block-cover-is-layout-constrained\"><style>.wp-block-kadence-advancedheading.kt-adv-heading3315_020958-b5, .wp-block-kadence-advancedheading.kt-adv-heading3315_020958-b5[data-kb-block=\"kb-adv-heading3315_020958-b5\"]{text-align:center;font-weight:400;font-style:normal;font-family:'Roboto Flex';}.wp-block-kadence-advancedheading.kt-adv-heading3315_020958-b5 mark, .wp-block-kadence-advancedheading.kt-adv-heading3315_020958-b5[data-kb-block=\"kb-adv-heading3315_020958-b5\"] mark{font-style:normal;color:#f76a0c;padding-top:0px;padding-right:0px;padding-bottom:0px;padding-left:0px;}@media all and (max-width: 767px){.wp-block-kadence-advancedheading.kt-adv-heading3315_020958-b5, .wp-block-kadence-advancedheading.kt-adv-heading3315_020958-b5[data-kb-block=\"kb-adv-heading3315_020958-b5\"]{line-height:1.8;}}<\/style>\n<h2 class=\"kt-adv-heading3315_020958-b5 wp-block-kadence-advancedheading has-white-color has-text-color\" data-kb-block=\"kb-adv-heading3315_020958-b5\"><strong>A MISSION MULTIPLIER UNIVERSITY<\/strong><\/h2>\n<\/div><\/div>\n\n\n<style>.kb-row-layout-id3315_6328bf-a3 > .kt-row-column-wrap{align-content:start;}:where(.kb-row-layout-id3315_6328bf-a3 > .kt-row-column-wrap) > .wp-block-kadence-column{justify-content:start;}.kb-row-layout-id3315_6328bf-a3 > .kt-row-column-wrap{column-gap:var(--global-kb-gap-md, 2rem);row-gap:var(--global-kb-gap-md, 2rem);padding-top:var(--global-kb-spacing-sm, 1.5rem);padding-bottom:var(--global-kb-spacing-sm, 1.5rem);grid-template-columns:minmax(0, 1fr) minmax(0, 2fr);}.kb-row-layout-id3315_6328bf-a3 > .kt-row-layout-overlay{opacity:0.30;}@media all and (max-width: 1024px){.kb-row-layout-id3315_6328bf-a3 > .kt-row-column-wrap{grid-template-columns:repeat(2, minmax(0, 1fr));}}@media all and (max-width: 767px){.kb-row-layout-id3315_6328bf-a3 > .kt-row-column-wrap{grid-template-columns:minmax(0, 1fr);}}<\/style><div class=\"kb-row-layout-wrap kb-row-layout-id3315_6328bf-a3 alignnone wp-block-kadence-rowlayout\"><div class=\"kt-row-column-wrap kt-has-2-columns kt-row-layout-right-golden kt-tab-layout-inherit kt-mobile-layout-row kt-row-valign-top\">\n<style>.kadence-column3315_f1d265-57 > .kt-inside-inner-col,.kadence-column3315_f1d265-57 > .kt-inside-inner-col:before{border-top-left-radius:0px;border-top-right-radius:0px;border-bottom-right-radius:0px;border-bottom-left-radius:0px;}.kadence-column3315_f1d265-57 > .kt-inside-inner-col{column-gap:var(--global-kb-gap-sm, 1rem);}.kadence-column3315_f1d265-57 > .kt-inside-inner-col{flex-direction:column;}.kadence-column3315_f1d265-57 > .kt-inside-inner-col > .aligncenter{width:100%;}.kadence-column3315_f1d265-57 > .kt-inside-inner-col:before{opacity:0.3;}.kadence-column3315_f1d265-57{position:relative;}@media all and (max-width: 1024px){.kadence-column3315_f1d265-57 > .kt-inside-inner-col{flex-direction:column;}}@media all and (max-width: 767px){.kadence-column3315_f1d265-57 > .kt-inside-inner-col{flex-direction:column;}}<\/style>\n<div class=\"wp-block-kadence-column kadence-column3315_f1d265-57\"><div class=\"kt-inside-inner-col\">\n<figure class=\"wp-block-image alignwide size-full\"><a href=\"https:\/\/jucumes.org\/wp-content\/uploads\/2024\/03\/uofn-1.png\"><img loading=\"lazy\" decoding=\"async\" width=\"280\" height=\"312\" src=\"https:\/\/jucumes.org\/wp-content\/uploads\/2024\/03\/uofn-1.png\" alt=\"\" class=\"wp-image-3540\" srcset=\"https:\/\/jucumes.org\/wp-content\/uploads\/2024\/03\/uofn-1.png 280w, https:\/\/jucumes.org\/wp-content\/uploads\/2024\/03\/uofn-1-269x300.png 269w, https:\/\/jucumes.org\/wp-content\/uploads\/2024\/03\/uofn-1-11x12.png 11w\" sizes=\"(max-width: 280px) 100vw, 280px\" \/><\/a><\/figure>\n<\/div><\/div>\n\n\n<style>.kadence-column3315_5b8e7d-42 > .kt-inside-inner-col{display:flex;}.kadence-column3315_5b8e7d-42 > .kt-inside-inner-col,.kadence-column3315_5b8e7d-42 > .kt-inside-inner-col:before{border-top-left-radius:0px;border-top-right-radius:0px;border-bottom-right-radius:0px;border-bottom-left-radius:0px;}.kadence-column3315_5b8e7d-42 > .kt-inside-inner-col{row-gap:var(--global-kb-gap-sm, 1rem);column-gap:var(--global-kb-gap-sm, 1rem);}.kadence-column3315_5b8e7d-42 > .kt-inside-inner-col{flex-direction:column;justify-content:center;align-items:center;}.kadence-column3315_5b8e7d-42 > .kt-inside-inner-col > .kb-image-is-ratio-size{align-self:stretch;}.kadence-column3315_5b8e7d-42 > .kt-inside-inner-col > .aligncenter{width:100%;}.kt-row-column-wrap > .kadence-column3315_5b8e7d-42{align-self:center;}.kt-inner-column-height-full:not(.kt-has-1-columns) > .wp-block-kadence-column.kadence-column3315_5b8e7d-42{align-self:auto;}.kt-inner-column-height-full:not(.kt-has-1-columns) > .wp-block-kadence-column.kadence-column3315_5b8e7d-42 > .kt-inside-inner-col{flex-direction:column;justify-content:center;}.kadence-column3315_5b8e7d-42 > .kt-inside-inner-col:before{opacity:0.3;}.kadence-column3315_5b8e7d-42{position:relative;}@media all and (max-width: 1024px){.kadence-column3315_5b8e7d-42 > .kt-inside-inner-col{flex-direction:column;align-items:center;}}@media all and (max-width: 767px){.kadence-column3315_5b8e7d-42 > .kt-inside-inner-col{flex-direction:column;align-items:center;}}<\/style>\n<div class=\"wp-block-kadence-column kadence-column3315_5b8e7d-42 kb-section-dir-vertical\"><div class=\"kt-inside-inner-col\"><style>.wp-block-kadence-advancedheading.kt-adv-heading3315_353e5b-ba, .wp-block-kadence-advancedheading.kt-adv-heading3315_353e5b-ba[data-kb-block=\"kb-adv-heading3315_353e5b-ba\"]{font-style:normal;}.wp-block-kadence-advancedheading.kt-adv-heading3315_353e5b-ba mark, .wp-block-kadence-advancedheading.kt-adv-heading3315_353e5b-ba[data-kb-block=\"kb-adv-heading3315_353e5b-ba\"] mark{font-style:normal;color:#f76a0c;padding-top:0px;padding-right:0px;padding-bottom:0px;padding-left:0px;}<\/style>\n<h5 class=\"kt-adv-heading3315_353e5b-ba wp-block-kadence-advancedheading\" data-kb-block=\"kb-adv-heading3315_353e5b-ba\">In the early years of our mission's existence, no one talked about short-term involvement in missions, much less about mobilizing young people in mission work. Today, however, short-term mission projects are commonplace in most organizations and churches.<\/h5>\n\n\n<style>.wp-block-kadence-advancedheading.kt-adv-heading3315_193e6b-c7, .wp-block-kadence-advancedheading.kt-adv-heading3315_193e6b-c7[data-kb-block=\"kb-adv-heading3315_193e6b-c7\"]{font-style:normal;}.wp-block-kadence-advancedheading.kt-adv-heading3315_193e6b-c7 mark, .wp-block-kadence-advancedheading.kt-adv-heading3315_193e6b-c7[data-kb-block=\"kb-adv-heading3315_193e6b-c7\"] mark{font-style:normal;color:#f76a0c;padding-top:0px;padding-right:0px;padding-bottom:0px;padding-left:0px;}<\/style>\n<h5 class=\"kt-adv-heading3315_193e6b-c7 wp-block-kadence-advancedheading\" data-kb-block=\"kb-adv-heading3315_193e6b-c7\">The courses offered by the University of the Nations, YWAM's university (UofN), exist to train workers for the mission field in a wide variety of areas. This applies both to those who have already decided to dedicate themselves full time to the missionary life and to those who simply want to grow further in their relationship with the Lord.<\/h5>\n<\/div><\/div>\n\n<\/div><\/div>\n\n\n<hr class=\"wp-block-separator has-alpha-channel-opacity is-style-wide\"\/>\n\n\n<style>.wp-block-kadence-advancedheading.kt-adv-heading3315_392ae2-4b, .wp-block-kadence-advancedheading.kt-adv-heading3315_392ae2-4b[data-kb-block=\"kb-adv-heading3315_392ae2-4b\"]{text-align:center;font-size:var(--global-kb-font-size-lg, 2rem);font-style:normal;color:#1b1974;}.wp-block-kadence-advancedheading.kt-adv-heading3315_392ae2-4b mark, .wp-block-kadence-advancedheading.kt-adv-heading3315_392ae2-4b[data-kb-block=\"kb-adv-heading3315_392ae2-4b\"] mark{font-style:normal;color:#f76a0c;padding-top:0px;padding-right:0px;padding-bottom:0px;padding-left:0px;}<\/style>\n<h2 class=\"kt-adv-heading3315_392ae2-4b wp-block-kadence-advancedheading\" data-kb-block=\"kb-adv-heading3315_392ae2-4b\">Our School of The University Of The Nations<\/h2>\n\n\n<style>.kb-row-layout-id3315_c71d4a-61 > .kt-row-column-wrap{align-content:start;}:where(.kb-row-layout-id3315_c71d4a-61 > .kt-row-column-wrap) > .wp-block-kadence-column{justify-content:start;}.kb-row-layout-id3315_c71d4a-61 > .kt-row-column-wrap{column-gap:var(--global-kb-gap-md, 2rem);row-gap:var(--global-kb-gap-md, 2rem);padding-top:var(--global-kb-spacing-sm, 1.5rem);padding-bottom:var(--global-kb-spacing-sm, 1.5rem);grid-template-columns:minmax(0, 1fr) minmax(0, 2fr);}.kb-row-layout-id3315_c71d4a-61 > .kt-row-layout-overlay{opacity:0.30;}@media all and (max-width: 1024px){.kb-row-layout-id3315_c71d4a-61 > .kt-row-column-wrap{grid-template-columns:repeat(2, minmax(0, 1fr));}}@media all and (max-width: 767px){.kb-row-layout-id3315_c71d4a-61 > .kt-row-column-wrap{grid-template-columns:minmax(0, 1fr);}}<\/style><div class=\"kb-row-layout-wrap kb-row-layout-id3315_c71d4a-61 alignnone wp-block-kadence-rowlayout\"><div class=\"kt-row-column-wrap kt-has-2-columns kt-row-layout-right-golden kt-tab-layout-inherit kt-mobile-layout-row kt-row-valign-top\">\n<style>.kadence-column3315_0c7a49-97 > .kt-inside-inner-col,.kadence-column3315_0c7a49-97 > .kt-inside-inner-col:before{border-top-left-radius:0px;border-top-right-radius:0px;border-bottom-right-radius:0px;border-bottom-left-radius:0px;}.kadence-column3315_0c7a49-97 > .kt-inside-inner-col{column-gap:var(--global-kb-gap-sm, 1rem);}.kadence-column3315_0c7a49-97 > .kt-inside-inner-col{flex-direction:column;}.kadence-column3315_0c7a49-97 > .kt-inside-inner-col > .aligncenter{width:100%;}.kadence-column3315_0c7a49-97 > .kt-inside-inner-col:before{opacity:0.3;}.kadence-column3315_0c7a49-97{position:relative;}@media all and (max-width: 1024px){.kadence-column3315_0c7a49-97 > .kt-inside-inner-col{flex-direction:column;}}@media all and (max-width: 767px){.kadence-column3315_0c7a49-97 > .kt-inside-inner-col{flex-direction:column;}}<\/style>\n<div class=\"wp-block-kadence-column kadence-column3315_0c7a49-97\"><div class=\"kt-inside-inner-col\"><div class=\"wp-block-image\">\n<figure class=\"aligncenter size-full is-resized\"><a href=\"https:\/\/jucumes.org\/wp-content\/uploads\/2024\/03\/cnh.png\"><img loading=\"lazy\" decoding=\"async\" width=\"332\" height=\"377\" src=\"https:\/\/jucumes.org\/wp-content\/uploads\/2024\/03\/cnh.png\" alt=\"\" class=\"wp-image-3548\" style=\"width:214px;height:auto\" srcset=\"https:\/\/jucumes.org\/wp-content\/uploads\/2024\/03\/cnh.png 332w, https:\/\/jucumes.org\/wp-content\/uploads\/2024\/03\/cnh-264x300.png 264w, https:\/\/jucumes.org\/wp-content\/uploads\/2024\/03\/cnh-11x12.png 11w\" sizes=\"(max-width: 332px) 100vw, 332px\" \/><\/a><\/figure><\/div><\/div><\/div>\n\n\n<style>.kadence-column3315_cbc79f-7c > .kt-inside-inner-col{display:flex;}.kadence-column3315_cbc79f-7c > .kt-inside-inner-col,.kadence-column3315_cbc79f-7c > .kt-inside-inner-col:before{border-top-left-radius:0px;border-top-right-radius:0px;border-bottom-right-radius:0px;border-bottom-left-radius:0px;}.kadence-column3315_cbc79f-7c > .kt-inside-inner-col{row-gap:var(--global-kb-gap-sm, 1rem);column-gap:var(--global-kb-gap-sm, 1rem);}.kadence-column3315_cbc79f-7c > .kt-inside-inner-col{flex-direction:column;justify-content:center;align-items:center;}.kadence-column3315_cbc79f-7c > .kt-inside-inner-col > .kb-image-is-ratio-size{align-self:stretch;}.kadence-column3315_cbc79f-7c > .kt-inside-inner-col > .aligncenter{width:100%;}.kt-row-column-wrap > .kadence-column3315_cbc79f-7c{align-self:center;}.kt-inner-column-height-full:not(.kt-has-1-columns) > .wp-block-kadence-column.kadence-column3315_cbc79f-7c{align-self:auto;}.kt-inner-column-height-full:not(.kt-has-1-columns) > .wp-block-kadence-column.kadence-column3315_cbc79f-7c > .kt-inside-inner-col{flex-direction:column;justify-content:center;}.kadence-column3315_cbc79f-7c > .kt-inside-inner-col:before{opacity:0.3;}.kadence-column3315_cbc79f-7c{position:relative;}@media all and (max-width: 1024px){.kadence-column3315_cbc79f-7c > .kt-inside-inner-col{flex-direction:column;align-items:center;}}@media all and (max-width: 767px){.kadence-column3315_cbc79f-7c > .kt-inside-inner-col{flex-direction:column;align-items:center;}}<\/style>\n<div class=\"wp-block-kadence-column kadence-column3315_cbc79f-7c kb-section-dir-vertical\"><div class=\"kt-inside-inner-col\"><style>.wp-block-kadence-advancedheading.kt-adv-heading3315_b231c2-d6, .wp-block-kadence-advancedheading.kt-adv-heading3315_b231c2-d6[data-kb-block=\"kb-adv-heading3315_b231c2-d6\"]{text-align:center;font-style:normal;color:#dd8002;}.wp-block-kadence-advancedheading.kt-adv-heading3315_b231c2-d6 mark, .wp-block-kadence-advancedheading.kt-adv-heading3315_b231c2-d6[data-kb-block=\"kb-adv-heading3315_b231c2-d6\"] mark{font-style:normal;color:#f76a0c;padding-top:0px;padding-right:0px;padding-bottom:0px;padding-left:0px;}<\/style>\n<h2 class=\"kt-adv-heading3315_b231c2-d6 wp-block-kadence-advancedheading\" data-kb-block=\"kb-adv-heading3315_b231c2-d6\">FOUNDATIONS FOR COUNSELING MINISTRIES<\/h2>\n\n\n<style>.wp-block-kadence-advancedheading.kt-adv-heading3315_e401b4-50, .wp-block-kadence-advancedheading.kt-adv-heading3315_e401b4-50[data-kb-block=\"kb-adv-heading3315_e401b4-50\"]{font-style:normal;}.wp-block-kadence-advancedheading.kt-adv-heading3315_e401b4-50 mark, .wp-block-kadence-advancedheading.kt-adv-heading3315_e401b4-50[data-kb-block=\"kb-adv-heading3315_e401b4-50\"] mark{font-style:normal;color:#f76a0c;padding-top:0px;padding-right:0px;padding-bottom:0px;padding-left:0px;}<\/style>\n<h5 class=\"kt-adv-heading3315_e401b4-50 wp-block-kadence-advancedheading\" data-kb-block=\"kb-adv-heading3315_e401b4-50\">The purpose of the FCM is to equip them with those tools so they can use them. They may or may not be called \"counselors,\" but they will use the understanding, skills and methods of counseling as they share the gospel and disciple people. \"Ministry\" - this is the action word. Our desire is that our students will be equipped for ministry, be called to it and actively participate in it, applying what they have learned to extend the Kingdom of God.<\/h5>\n\n\n\n<div class=\"wp-block-buttons is-content-justification-center is-layout-flex wp-container-core-buttons-is-layout-1 wp-block-buttons-is-layout-flex\">\n<div class=\"wp-block-button\"><a class=\"wp-block-button__link has-cyan-bluish-gray-color has-text-color has-background has-link-color wp-element-button\" href=\"https:\/\/jucumes.org\/en\/quienes-somos\/consejeria\/\" style=\"background-color:#281c7a\">Know more<\/a><\/div>\n<\/div>\n<\/div><\/div>\n\n\n<style>.kadence-column3315_09e99c-61 > .kt-inside-inner-col,.kadence-column3315_09e99c-61 > .kt-inside-inner-col:before{border-top-left-radius:0px;border-top-right-radius:0px;border-bottom-right-radius:0px;border-bottom-left-radius:0px;}.kadence-column3315_09e99c-61 > .kt-inside-inner-col{column-gap:var(--global-kb-gap-sm, 1rem);}.kadence-column3315_09e99c-61 > .kt-inside-inner-col{flex-direction:column;}.kadence-column3315_09e99c-61 > .kt-inside-inner-col > .aligncenter{width:100%;}.kadence-column3315_09e99c-61 > .kt-inside-inner-col:before{opacity:0.3;}.kadence-column3315_09e99c-61{position:relative;}@media all and (max-width: 1024px){.kadence-column3315_09e99c-61 > .kt-inside-inner-col{flex-direction:column;}}@media all and (max-width: 767px){.kadence-column3315_09e99c-61 > .kt-inside-inner-col{flex-direction:column;}}<\/style>\n<div class=\"wp-block-kadence-column kadence-column3315_09e99c-61\"><div class=\"kt-inside-inner-col\"><div class=\"wp-block-image\">\n<figure class=\"aligncenter size-full is-resized\"><a href=\"https:\/\/jucumes.org\/wp-content\/uploads\/2025\/12\/minis.png\"><img loading=\"lazy\" decoding=\"async\" width=\"240\" height=\"240\" src=\"https:\/\/jucumes.org\/wp-content\/uploads\/2025\/12\/minis.png\" alt=\"\" class=\"wp-image-4536\" style=\"width:254px;height:auto\" srcset=\"https:\/\/jucumes.org\/wp-content\/uploads\/2025\/12\/minis.png 240w, https:\/\/jucumes.org\/wp-content\/uploads\/2025\/12\/minis-150x150.png 150w, https:\/\/jucumes.org\/wp-content\/uploads\/2025\/12\/minis-12x12.png 12w\" sizes=\"(max-width: 240px) 100vw, 240px\" \/><\/a><\/figure><\/div><\/div><\/div>\n\n\n<style>.kadence-column3315_09e99c-61 > .kt-inside-inner-col{display:flex;}.kadence-column3315_09e99c-61 > .kt-inside-inner-col,.kadence-column3315_09e99c-61 > .kt-inside-inner-col:before{border-top-left-radius:0px;border-top-right-radius:0px;border-bottom-right-radius:0px;border-bottom-left-radius:0px;}.kadence-column3315_09e99c-61 > .kt-inside-inner-col{row-gap:var(--global-kb-gap-sm, 1rem);column-gap:var(--global-kb-gap-sm, 1rem);}.kadence-column3315_09e99c-61 > .kt-inside-inner-col{flex-direction:column;justify-content:center;align-items:center;}.kadence-column3315_09e99c-61 > .kt-inside-inner-col > .kb-image-is-ratio-size{align-self:stretch;}.kadence-column3315_09e99c-61 > .kt-inside-inner-col > .aligncenter{width:100%;}.kt-row-column-wrap > .kadence-column3315_09e99c-61{align-self:center;}.kt-inner-column-height-full:not(.kt-has-1-columns) > .wp-block-kadence-column.kadence-column3315_09e99c-61{align-self:auto;}.kt-inner-column-height-full:not(.kt-has-1-columns) > .wp-block-kadence-column.kadence-column3315_09e99c-61 > .kt-inside-inner-col{flex-direction:column;justify-content:center;}.kadence-column3315_09e99c-61 > .kt-inside-inner-col:before{opacity:0.3;}.kadence-column3315_09e99c-61{position:relative;}@media all and (max-width: 1024px){.kadence-column3315_09e99c-61 > .kt-inside-inner-col{flex-direction:column;align-items:center;}}@media all and (max-width: 767px){.kadence-column3315_09e99c-61 > .kt-inside-inner-col{flex-direction:column;align-items:center;}}<\/style>\n<div class=\"wp-block-kadence-column kadence-column3315_09e99c-61 kb-section-dir-vertical\"><div class=\"kt-inside-inner-col\"><style>.wp-block-kadence-advancedheading.kt-adv-heading3315_bbb8dc-b9, .wp-block-kadence-advancedheading.kt-adv-heading3315_bbb8dc-b9[data-kb-block=\"kb-adv-heading3315_bbb8dc-b9\"]{text-align:center;font-style:normal;color:#38aa5e;}.wp-block-kadence-advancedheading.kt-adv-heading3315_bbb8dc-b9 mark, .wp-block-kadence-advancedheading.kt-adv-heading3315_bbb8dc-b9[data-kb-block=\"kb-adv-heading3315_bbb8dc-b9\"] mark{font-style:normal;color:#f76a0c;padding-top:0px;padding-right:0px;padding-bottom:0px;padding-left:0px;}<\/style>\n<h2 class=\"kt-adv-heading3315_bbb8dc-b9 wp-block-kadence-advancedheading\" data-kb-block=\"kb-adv-heading3315_bbb8dc-b9\">DISCIPLESHIP BIBLE SCHOOL<\/h2>\n\n\n<style>.wp-block-kadence-advancedheading.kt-adv-heading3315_03896b-9b, .wp-block-kadence-advancedheading.kt-adv-heading3315_03896b-9b[data-kb-block=\"kb-adv-heading3315_03896b-9b\"]{font-style:normal;color:#000000;}.wp-block-kadence-advancedheading.kt-adv-heading3315_03896b-9b mark, .wp-block-kadence-advancedheading.kt-adv-heading3315_03896b-9b[data-kb-block=\"kb-adv-heading3315_03896b-9b\"] mark{font-style:normal;color:#f76a0c;padding-top:0px;padding-right:0px;padding-bottom:0px;padding-left:0px;}<\/style>\n<h5 class=\"kt-adv-heading3315_03896b-9b wp-block-kadence-advancedheading\" data-kb-block=\"kb-adv-heading3315_03896b-9b\">The purpose of the DBS is to equip students with a deep and practical understanding of God's Word. It is not only about acquiring biblical knowledge, but also about learning how to apply Scripture in daily life and in discipling others. They may or may not be called \u201cteachers,\u201d but they will use the tools, principles, and revelation of the Bible as they share the gospel and make disciples.<\/h5>\n\n\n\n<div class=\"wp-block-buttons is-content-justification-center is-layout-flex wp-container-core-buttons-is-layout-2 wp-block-buttons-is-layout-flex\">\n<div class=\"wp-block-button\"><a class=\"wp-block-button__link has-cyan-bluish-gray-color has-text-color has-background has-link-color wp-element-button\" href=\"https:\/\/jucumes.org\/en\/escuela-biblica-de-discipulado\/\" style=\"background-color:#281c7a\">Know more<\/a><\/div>\n<\/div>\n<\/div><\/div>\n\n<\/div><\/div>\n\n\n<p><\/p>","protected":false},"excerpt":{"rendered":"<p>En los primeros a\u00f1os de existencia de nuestra misi\u00f3n, nadie hablaba de la participaci\u00f3n a corto plazo en misiones, y mucho menos de movilizar a los j\u00f3venes en la labor misionera. Hoy, sin embargo, los proyectos misioneros a corto plazo son habituales en la mayor\u00eda de las organizaciones e iglesias. Los cursos ofrecidos por la [&hellip;]<\/p>","protected":false},"author":2,"featured_media":0,"parent":0,"menu_order":0,"comment_status":"closed","ping_status":"closed","template":"","meta":{"two_page_speed":[],"footnotes":""},"class_list":["post-3315","page","type-page","status-publish","hentry"],"featured_image_src":null,"featured_image_src_square":null,"_links":{"self":[{"href":"https:\/\/jucumes.org\/en\/wp-json\/wp\/v2\/pages\/3315"}],"collection":[{"href":"https:\/\/jucumes.org\/en\/wp-json\/wp\/v2\/pages"}],"about":[{"href":"https:\/\/jucumes.org\/en\/wp-json\/wp\/v2\/types\/page"}],"author":[{"embeddable":true,"href":"https:\/\/jucumes.org\/en\/wp-json\/wp\/v2\/users\/2"}],"replies":[{"embeddable":true,"href":"https:\/\/jucumes.org\/en\/wp-json\/wp\/v2\/comments?post=3315"}],"version-history":[{"count":25,"href":"https:\/\/jucumes.org\/en\/wp-json\/wp\/v2\/pages\/3315\/revisions"}],"predecessor-version":[{"id":4540,"href":"https:\/\/jucumes.org\/en\/wp-json\/wp\/v2\/pages\/3315\/revisions\/4540"}],"wp:attachment":[{"href":"https:\/\/jucumes.org\/en\/wp-json\/wp\/v2\/media?parent=3315"}],"curies":[{"name":"wp","href":"https:\/\/api.w.org\/{rel}","templated":true}]}}