{"id":4055,"date":"2024-04-26T17:07:39","date_gmt":"2024-04-26T17:07:39","guid":{"rendered":"https:\/\/jucumes.org\/?page_id=4055"},"modified":"2024-08-27T23:53:49","modified_gmt":"2024-08-27T23:53:49","slug":"fase-3","status":"publish","type":"page","link":"https:\/\/jucumes.org\/en\/fase-3\/","title":{"rendered":""},"content":{"rendered":"<div style=\"height:100px\" aria-hidden=\"true\" class=\"wp-block-spacer\"><\/div>\n\n\n\n<div class=\"wp-block-group alignfull has-text-color has-background\" style=\"color:#000000;background-color:#ffffff\"><div class=\"wp-block-group__inner-container is-layout-flow wp-block-group-is-layout-flow\">\n<div class=\"wp-block-cover has-parallax\"><span aria-hidden=\"true\" class=\"wp-block-cover__background has-background-dim wp-block-cover__gradient-background has-background-gradient has-midnight-gradient-background\"><\/span><div class=\"wp-block-cover__image-background wp-image-4453 has-parallax\" style=\"background-position:50% 50%;background-image:url(https:\/\/jucumes.org\/wp-content\/uploads\/2024\/08\/IMG_3418_Original-2-scaled.jpg)\"><\/div><div class=\"wp-block-cover__inner-container is-layout-constrained wp-block-cover-is-layout-constrained\"><style>.wp-block-kadence-advancedheading.kt-adv-heading4055_af3ee6-4a, .wp-block-kadence-advancedheading.kt-adv-heading4055_af3ee6-4a[data-kb-block=\"kb-adv-heading4055_af3ee6-4a\"]{text-align:center;font-size:var(--global-kb-font-size-xxxl, 5rem);font-style:normal;}.wp-block-kadence-advancedheading.kt-adv-heading4055_af3ee6-4a mark, .wp-block-kadence-advancedheading.kt-adv-heading4055_af3ee6-4a[data-kb-block=\"kb-adv-heading4055_af3ee6-4a\"] mark{font-style:normal;color:#f76a0c;padding-top:0px;padding-right:0px;padding-bottom:0px;padding-left:0px;}<\/style>\n<h2 class=\"kt-adv-heading4055_af3ee6-4a wp-block-kadence-advancedheading has-luminous-vivid-orange-color has-text-color\" data-kb-block=\"kb-adv-heading4055_af3ee6-4a\">FASE 3<\/h2>\n\n\n\n<p class=\"has-text-align-center\" style=\"font-size:92px;font-style:normal;font-weight:900\"><\/p>\n\n\n<style>.wp-block-kadence-advancedheading.kt-adv-heading4055_917764-0f, .wp-block-kadence-advancedheading.kt-adv-heading4055_917764-0f[data-kb-block=\"kb-adv-heading4055_917764-0f\"]{font-style:normal;}.wp-block-kadence-advancedheading.kt-adv-heading4055_917764-0f mark, .wp-block-kadence-advancedheading.kt-adv-heading4055_917764-0f[data-kb-block=\"kb-adv-heading4055_917764-0f\"] mark{font-style:normal;color:#f76a0c;padding-top:0px;padding-right:0px;padding-bottom:0px;padding-left:0px;}<\/style>\n<h2 class=\"kt-adv-heading4055_917764-0f wp-block-kadence-advancedheading\" data-kb-block=\"kb-adv-heading4055_917764-0f\"><\/h2>\n\n\n\n<p class=\"has-text-align-center has-luminous-vivid-amber-color has-text-color has-link-color has-large-font-size wp-elements-8be118691b1750c5399889a35afad88c\"><strong>The purpose of phase three is to help the<\/strong><\/p>\n\n\n\n<p class=\"has-text-align-center has-luminous-vivid-amber-color has-text-color has-link-color has-large-font-size wp-elements-188559ca92dcdd1caad8dc00b685d1cf\"><strong>students to understand their personal calling to<\/strong><\/p>\n\n\n\n<p class=\"has-text-align-center has-luminous-vivid-amber-color has-text-color has-link-color has-large-font-size wp-elements-b357707915d866be3de27085a989e736\"><strong>missions and bring the transformative power of the kingdom here and now<\/strong>.<\/p>\n\n\n<style>.wp-block-kadence-advancedbtn.kb-btns4055_28ae30-09{gap:var(--global-kb-gap-xs, 0.5rem );justify-content:center;align-items:center;}.kt-btns4055_28ae30-09 .kt-button{font-weight:normal;font-style:normal;}.kt-btns4055_28ae30-09 .kt-btn-wrap-0{margin-right:5px;}.wp-block-kadence-advancedbtn.kt-btns4055_28ae30-09 .kt-btn-wrap-0 .kt-button{color:#555555;border-color:#555555;}.wp-block-kadence-advancedbtn.kt-btns4055_28ae30-09 .kt-btn-wrap-0 .kt-button:hover, .wp-block-kadence-advancedbtn.kt-btns4055_28ae30-09 .kt-btn-wrap-0 .kt-button:focus{color:#ffffff;border-color:#444444;}.wp-block-kadence-advancedbtn.kt-btns4055_28ae30-09 .kt-btn-wrap-0 .kt-button::before{display:none;}.wp-block-kadence-advancedbtn.kt-btns4055_28ae30-09 .kt-btn-wrap-0 .kt-button:hover, .wp-block-kadence-advancedbtn.kt-btns4055_28ae30-09 .kt-btn-wrap-0 .kt-button:focus{background:#444444;}<\/style>\n<div class=\"wp-block-kadence-advancedbtn kb-buttons-wrap kb-btns4055_28ae30-09\"><style>ul.menu .wp-block-kadence-advancedbtn .kb-btn4055_a94e22-b2.kb-button{width:initial;}.wp-block-kadence-advancedbtn .kb-btn4055_a94e22-b2.kb-button{background:#f78da7;}.wp-block-kadence-advancedbtn .kb-btn4055_a94e22-b2.kb-button:hover{background:#00d084;}@media all and (max-width: 1024px){.kb-btn4055_a94e22-b2.kb-button .kb-svg-icon-wrap{display:block;}}<\/style><a class=\"kb-button kt-button button kb-btn4055_a94e22-b2 kt-btn-size-standard kt-btn-width-type-auto kb-btn-global-fill kt-btn-has-text-true kt-btn-has-svg-false wp-block-kadence-singlebtn\" href=\"https:\/\/form.jotform.com\/212307100857851\"><span class=\"kt-btn-inner-text\">Apply Now<\/span><\/a><\/div>\n<\/div><\/div>\n\n\n\n<h2 class=\"wp-block-heading has-text-align-center\" id=\"schedule-a-visit\" style=\"font-size:59px;line-height:1.15\"><strong>Lecture<\/strong><\/h2>\n\n\n\n<p class=\"has-medium-font-size\">Phase 3 consists of a week of training focused on knowing what the individual adolescent's calling is and developing it. This is achieved through:<\/p>\n\n\n\n<div style=\"height:64px\" aria-hidden=\"true\" class=\"wp-block-spacer\"><\/div>\n<\/div><\/div>\n\n\n\n<div class=\"wp-block-media-text alignfull has-media-on-the-right is-stacked-on-mobile is-vertically-aligned-center is-style-default\" style=\"grid-template-columns:auto 56%\"><div class=\"wp-block-media-text__content\">\n<h2 class=\"wp-block-heading has-text-color\" style=\"color:#000000\"><strong>Classes<\/strong><\/h2>\n\n\n\n<ul class=\"wp-block-list\">\n<li>The Story of God<\/li>\n\n\n\n<li>The importance of the gospel and its meaning<\/li>\n\n\n\n<li>Cost of discipleship<\/li>\n\n\n\n<li>Great Commission (how and what)<\/li>\n\n\n\n<li>What God is doing today<\/li>\n\n\n\n<li>Spiritual Disciplines<\/li>\n\n\n\n<li>Vision and calling<\/li>\n\n\n\n<li>Biblical Worldview<\/li>\n\n\n\n<li>Bible and Bible study<\/li>\n\n\n\n<li>Hermeneutics<\/li>\n<\/ul>\n<\/div><figure class=\"wp-block-media-text__media\"><img loading=\"lazy\" decoding=\"async\" width=\"627\" height=\"836\" src=\"https:\/\/jucumes.org\/wp-content\/uploads\/2024\/05\/IMG_9825.jpg\" alt=\"\" class=\"wp-image-4248 size-full\" srcset=\"https:\/\/jucumes.org\/wp-content\/uploads\/2024\/05\/IMG_9825.jpg 627w, https:\/\/jucumes.org\/wp-content\/uploads\/2024\/05\/IMG_9825-225x300.jpg 225w, https:\/\/jucumes.org\/wp-content\/uploads\/2024\/05\/IMG_9825-9x12.jpg 9w, https:\/\/jucumes.org\/wp-content\/uploads\/2024\/05\/IMG_9825-450x600.jpg 450w\" sizes=\"(max-width: 627px) 100vw, 627px\" \/><\/figure><\/div>\n\n\n\n<p><\/p>\n\n\n\n<div style=\"height:100px\" aria-hidden=\"true\" class=\"wp-block-spacer\"><\/div>\n\n\n\n<div class=\"wp-block-group alignfull has-text-color has-background\" style=\"color:#000000;background-color:#ffffff\"><div class=\"wp-block-group__inner-container is-layout-flow wp-block-group-is-layout-flow\">\n<h2 class=\"wp-block-heading has-text-align-center\" id=\"schedule-a-visit\" style=\"font-size:59px;line-height:1.15\"><strong>Outreach<\/strong><\/h2>\n\n\n\n<p class=\"has-medium-font-size\">The second part consists of two weeks where the students will be immersed in a culture different from their own as they will be sent to another nation for the purpose of exploring the calling God has given them.<\/p>\n\n\n\n<div class=\"wp-block-group alignfull is-content-justification-center is-nowrap is-layout-flex wp-container-core-group-is-layout-2 wp-block-group-is-layout-flex\">\n<figure class=\"wp-block-image size-full\"><a href=\"https:\/\/jucumes.org\/wp-content\/uploads\/2024\/08\/IMG_0043_Original-scaled.jpg\"><img loading=\"lazy\" decoding=\"async\" width=\"2560\" height=\"1920\" src=\"https:\/\/jucumes.org\/wp-content\/uploads\/2024\/08\/IMG_0043_Original-scaled.jpg\" alt=\"\" class=\"wp-image-4467\" srcset=\"https:\/\/jucumes.org\/wp-content\/uploads\/2024\/08\/IMG_0043_Original-scaled.jpg 2560w, https:\/\/jucumes.org\/wp-content\/uploads\/2024\/08\/IMG_0043_Original-300x225.jpg 300w, https:\/\/jucumes.org\/wp-content\/uploads\/2024\/08\/IMG_0043_Original-1024x768.jpg 1024w, https:\/\/jucumes.org\/wp-content\/uploads\/2024\/08\/IMG_0043_Original-768x576.jpg 768w, https:\/\/jucumes.org\/wp-content\/uploads\/2024\/08\/IMG_0043_Original-1536x1152.jpg 1536w, https:\/\/jucumes.org\/wp-content\/uploads\/2024\/08\/IMG_0043_Original-2048x1536.jpg 2048w, https:\/\/jucumes.org\/wp-content\/uploads\/2024\/08\/IMG_0043_Original-16x12.jpg 16w, https:\/\/jucumes.org\/wp-content\/uploads\/2024\/08\/IMG_0043_Original-600x450.jpg 600w\" sizes=\"(max-width: 2560px) 100vw, 2560px\" \/><\/a><\/figure>\n<\/div>\n\n\n\n<p><\/p>\n\n\n<style>.wp-block-kadence-advancedheading.kt-adv-heading4055_3c2853-c6, .wp-block-kadence-advancedheading.kt-adv-heading4055_3c2853-c6[data-kb-block=\"kb-adv-heading4055_3c2853-c6\"]{text-align:center;font-style:normal;}.wp-block-kadence-advancedheading.kt-adv-heading4055_3c2853-c6 mark, .wp-block-kadence-advancedheading.kt-adv-heading4055_3c2853-c6[data-kb-block=\"kb-adv-heading4055_3c2853-c6\"] mark{font-style:normal;color:#f76a0c;padding-top:0px;padding-right:0px;padding-bottom:0px;padding-left:0px;}<\/style>\n<h5 class=\"kt-adv-heading4055_3c2853-c6 wp-block-kadence-advancedheading\" data-kb-block=\"kb-adv-heading4055_3c2853-c6\"><em>*<strong>Ask for costs<\/strong><\/em><\/h5>\n\n\n<style>.wp-block-kadence-advancedbtn.kb-btns4055_e7a1fa-77{gap:var(--global-kb-gap-xs, 0.5rem );justify-content:center;align-items:center;}.kt-btns4055_e7a1fa-77 .kt-button{font-weight:normal;font-style:normal;}.kt-btns4055_e7a1fa-77 .kt-btn-wrap-0{margin-right:5px;}.wp-block-kadence-advancedbtn.kt-btns4055_e7a1fa-77 .kt-btn-wrap-0 .kt-button{color:#555555;border-color:#555555;}.wp-block-kadence-advancedbtn.kt-btns4055_e7a1fa-77 .kt-btn-wrap-0 .kt-button:hover, .wp-block-kadence-advancedbtn.kt-btns4055_e7a1fa-77 .kt-btn-wrap-0 .kt-button:focus{color:#ffffff;border-color:#444444;}.wp-block-kadence-advancedbtn.kt-btns4055_e7a1fa-77 .kt-btn-wrap-0 .kt-button::before{display:none;}.wp-block-kadence-advancedbtn.kt-btns4055_e7a1fa-77 .kt-btn-wrap-0 .kt-button:hover, .wp-block-kadence-advancedbtn.kt-btns4055_e7a1fa-77 .kt-btn-wrap-0 .kt-button:focus{background:#444444;}<\/style>\n<div class=\"wp-block-kadence-advancedbtn kb-buttons-wrap kb-btns4055_e7a1fa-77\"><style>ul.menu .wp-block-kadence-advancedbtn .kb-btn4055_fe106e-32.kb-button{width:initial;}.wp-block-kadence-advancedbtn .kb-btn4055_fe106e-32.kb-button{background:#f78da7;}.wp-block-kadence-advancedbtn .kb-btn4055_fe106e-32.kb-button:hover{color:#ffffff;background:#00d084;}@media all and (max-width: 1024px){.kb-btn4055_fe106e-32.kb-button .kb-svg-icon-wrap{display:block;}}<\/style><a class=\"kb-button kt-button button kb-btn4055_fe106e-32 kt-btn-size-standard kt-btn-width-type-full kb-btn-global-fill kt-btn-has-text-true kt-btn-has-svg-false wp-block-kadence-singlebtn\" href=\"https:\/\/form.jotform.com\/212307100857851\"><span class=\"kt-btn-inner-text\">Apply Now<\/span><\/a><\/div>\n<\/div><\/div>","protected":false},"excerpt":{"rendered":"<p>Te\u00f3rica La Fase 3 consta de una semana de entrenamiento enfocado en conocer cual es el llamado que el adolescente como individuo tiene y desarrollarlo. Esto se logra a tr\u00e1ves de: Pr\u00e1ctica La segunda parte consta de dos semanas donde los estudiantes ser\u00e1n sumergidos en una cultura distinta a la de ellos ya que ser\u00e1n [&hellip;]<\/p>","protected":false},"author":2,"featured_media":0,"parent":0,"menu_order":0,"comment_status":"closed","ping_status":"closed","template":"","meta":{"two_page_speed":[],"footnotes":""},"class_list":["post-4055","page","type-page","status-publish","hentry"],"featured_image_src":null,"featured_image_src_square":null,"_links":{"self":[{"href":"https:\/\/jucumes.org\/en\/wp-json\/wp\/v2\/pages\/4055"}],"collection":[{"href":"https:\/\/jucumes.org\/en\/wp-json\/wp\/v2\/pages"}],"about":[{"href":"https:\/\/jucumes.org\/en\/wp-json\/wp\/v2\/types\/page"}],"author":[{"embeddable":true,"href":"https:\/\/jucumes.org\/en\/wp-json\/wp\/v2\/users\/2"}],"replies":[{"embeddable":true,"href":"https:\/\/jucumes.org\/en\/wp-json\/wp\/v2\/comments?post=4055"}],"version-history":[{"count":28,"href":"https:\/\/jucumes.org\/en\/wp-json\/wp\/v2\/pages\/4055\/revisions"}],"predecessor-version":[{"id":4476,"href":"https:\/\/jucumes.org\/en\/wp-json\/wp\/v2\/pages\/4055\/revisions\/4476"}],"wp:attachment":[{"href":"https:\/\/jucumes.org\/en\/wp-json\/wp\/v2\/media?parent=4055"}],"curies":[{"name":"wp","href":"https:\/\/api.w.org\/{rel}","templated":true}]}}