{"id":429,"date":"2019-07-25T20:50:17","date_gmt":"2019-07-25T20:50:17","guid":{"rendered":"http:\/\/jucumss.onedaysv.com\/?page_id=429"},"modified":"2024-05-07T16:30:41","modified_gmt":"2024-05-07T16:30:41","slug":"semillas-de-esperanza","status":"publish","type":"page","link":"https:\/\/jucumes.org\/en\/semillas-de-esperanza\/","title":{"rendered":""},"content":{"rendered":"<div class=\"wp-block-cover is-light has-parallax\"><span aria-hidden=\"true\" class=\"wp-block-cover__background has-background-dim\" style=\"background-color:#898275\"><\/span><div class=\"wp-block-cover__image-background wp-image-4340 has-parallax\" style=\"background-position:50% 50%;background-image:url(https:\/\/jucumes.org\/wp-content\/uploads\/2024\/05\/IMG_7603-scaled.jpeg)\"><\/div><div class=\"wp-block-cover__inner-container is-layout-constrained wp-block-cover-is-layout-constrained\"><style>.wp-block-kadence-advancedheading.kt-adv-heading429_4daaca-66, .wp-block-kadence-advancedheading.kt-adv-heading429_4daaca-66[data-kb-block=\"kb-adv-heading429_4daaca-66\"]{text-align:center;font-size:var(--global-kb-font-size-xxl, 4rem);font-weight:600;font-style:normal;font-family:Antonio;}.wp-block-kadence-advancedheading.kt-adv-heading429_4daaca-66 mark, .wp-block-kadence-advancedheading.kt-adv-heading429_4daaca-66[data-kb-block=\"kb-adv-heading429_4daaca-66\"] mark{font-style:normal;color:#f76a0c;padding-top:0px;padding-right:0px;padding-bottom:0px;padding-left:0px;}<\/style>\n<p class=\"kt-adv-heading429_4daaca-66 wp-block-kadence-advancedheading has-white-color has-text-color\" data-kb-block=\"kb-adv-heading429_4daaca-66\"><strong>SEEDS OF HOPE<\/strong><\/p>\n<\/div><\/div>\n\n\n\n<div style=\"height:100px\" aria-hidden=\"true\" class=\"wp-block-spacer\"><\/div>\n\n\n\n<div class=\"wp-block-columns is-layout-flex wp-container-core-columns-is-layout-1 wp-block-columns-is-layout-flex\">\n<div class=\"wp-block-column is-layout-flow wp-block-column-is-layout-flow\" style=\"flex-basis:66.66%\">\n<figure class=\"wp-block-video alignwide\"><video controls muted src=\"http:\/\/jucumss.onedaysv.com\/wp-content\/uploads\/2019\/08\/Semillas-1.m4v\"><\/video><\/figure>\n<\/div>\n\n\n\n<div class=\"wp-block-column is-vertically-aligned-center is-layout-flow wp-block-column-is-layout-flow\" style=\"flex-basis:33.33%\"><style>.kt-accordion-id429_7d9ce7-da .kt-accordion-inner-wrap{column-gap:var(--global-kb-gap-md, 2rem);row-gap:10px;}.kt-accordion-id429_7d9ce7-da .kt-accordion-panel-inner{border-top:0px solid transparent;border-right:0px solid transparent;border-bottom:0px solid transparent;border-left:0px solid transparent;background:#ffffff;padding-top:var(--global-kb-spacing-sm, 1.5rem);padding-right:var(--global-kb-spacing-sm, 1.5rem);padding-bottom:var(--global-kb-spacing-sm, 1.5rem);padding-left:var(--global-kb-spacing-sm, 1.5rem);}.kt-accordion-id429_7d9ce7-da .wp-block-kadence-pane .kt-accordion-header-wrap .kt-blocks-accordion-header{border-top:0px solid #f2f2f2;border-right:0px solid #f2f2f2;border-bottom:0px solid #f2f2f2;border-left:0px solid #f2f2f2;border-top-left-radius:6px;border-top-right-radius:6px;border-bottom-right-radius:6px;border-bottom-left-radius:6px;background:#f2f2f2;color:#555555;padding-top:14px;padding-right:16px;padding-bottom:14px;padding-left:16px;}.kt-accordion-id429_7d9ce7-da:not( .kt-accodion-icon-style-basiccircle ):not( .kt-accodion-icon-style-xclosecircle ):not( .kt-accodion-icon-style-arrowcircle ) .kt-blocks-accordion-icon-trigger:after, .kt-accordion-id429_7d9ce7-da:not( .kt-accodion-icon-style-basiccircle ):not( .kt-accodion-icon-style-xclosecircle ):not( .kt-accodion-icon-style-arrowcircle ) .kt-blocks-accordion-icon-trigger:before{background:#555555;}.kt-accordion-id429_7d9ce7-da:not( .kt-accodion-icon-style-basic ):not( .kt-accodion-icon-style-xclose ):not( .kt-accodion-icon-style-arrow ) .kt-blocks-accordion-icon-trigger{background:#555555;}.kt-accordion-id429_7d9ce7-da:not( .kt-accodion-icon-style-basic ):not( .kt-accodion-icon-style-xclose ):not( .kt-accodion-icon-style-arrow ) .kt-blocks-accordion-icon-trigger:after, .kt-accordion-id429_7d9ce7-da:not( .kt-accodion-icon-style-basic ):not( .kt-accodion-icon-style-xclose ):not( .kt-accodion-icon-style-arrow ) .kt-blocks-accordion-icon-trigger:before{background:#f2f2f2;}.kt-accordion-id429_7d9ce7-da .kt-accordion-header-wrap .kt-blocks-accordion-header:hover, body:not(.hide-focus-outline) .kt-accordion-id429_7d9ce7-da .kt-accordion-header-wrap .kt-blocks-accordion-header:focus{color:#444444;background:#eeeeee;border-top-color:#eeeeee;border-top-style:solid;border-right-color:#eeeeee;border-right-style:solid;border-bottom-color:#eeeeee;border-bottom-style:solid;border-left-color:#eeeeee;border-left-style:solid;}.kt-accordion-id429_7d9ce7-da:not( .kt-accodion-icon-style-basiccircle ):not( .kt-accodion-icon-style-xclosecircle ):not( .kt-accodion-icon-style-arrowcircle ) .kt-blocks-accordion-header:hover .kt-blocks-accordion-icon-trigger:after, .kt-accordion-id429_7d9ce7-da:not( .kt-accodion-icon-style-basiccircle ):not( .kt-accodion-icon-style-xclosecircle ):not( .kt-accodion-icon-style-arrowcircle ) .kt-blocks-accordion-header:hover .kt-blocks-accordion-icon-trigger:before, body:not(.hide-focus-outline) .kt-accordion-id429_7d9ce7-da:not( .kt-accodion-icon-style-basiccircle ):not( .kt-accodion-icon-style-xclosecircle ):not( .kt-accodion-icon-style-arrowcircle ) .kt-blocks-accordion-header:focus .kt-blocks-accordion-icon-trigger:after, body:not(.hide-focus-outline) .kt-accordion-id429_7d9ce7-da:not( .kt-accodion-icon-style-basiccircle ):not( .kt-accodion-icon-style-xclosecircle ):not( .kt-accodion-icon-style-arrowcircle ) .kt-blocks-accordion-header:focus .kt-blocks-accordion-icon-trigger:before{background:#444444;}.kt-accordion-id429_7d9ce7-da:not( .kt-accodion-icon-style-basic ):not( .kt-accodion-icon-style-xclose ):not( .kt-accodion-icon-style-arrow ) .kt-blocks-accordion-header:hover .kt-blocks-accordion-icon-trigger, body:not(.hide-focus-outline) .kt-accordion-id429_7d9ce7-da:not( .kt-accodion-icon-style-basic ):not( .kt-accodion-icon-style-xclose ):not( .kt-accodion-icon-style-arrow ) .kt-blocks-accordion-header:focus .kt-blocks-accordion-icon-trigger{background:#444444;}.kt-accordion-id429_7d9ce7-da:not( .kt-accodion-icon-style-basic ):not( .kt-accodion-icon-style-xclose ):not( .kt-accodion-icon-style-arrow ) .kt-blocks-accordion-header:hover .kt-blocks-accordion-icon-trigger:after, .kt-accordion-id429_7d9ce7-da:not( .kt-accodion-icon-style-basic ):not( .kt-accodion-icon-style-xclose ):not( .kt-accodion-icon-style-arrow ) .kt-blocks-accordion-header:hover .kt-blocks-accordion-icon-trigger:before, body:not(.hide-focus-outline) .kt-accordion-id429_7d9ce7-da:not( .kt-accodion-icon-style-basic ):not( .kt-accodion-icon-style-xclose ):not( .kt-accodion-icon-style-arrow ) .kt-blocks-accordion-header:focus .kt-blocks-accordion-icon-trigger:after, body:not(.hide-focus-outline) .kt-accordion-id429_7d9ce7-da:not( .kt-accodion-icon-style-basic ):not( .kt-accodion-icon-style-xclose ):not( .kt-accodion-icon-style-arrow ) .kt-blocks-accordion-header:focus .kt-blocks-accordion-icon-trigger:before{background:#eeeeee;}.kt-accordion-id429_7d9ce7-da .kt-accordion-header-wrap .kt-blocks-accordion-header.kt-accordion-panel-active{color:#ffffff;background:#BE530B;border-top-color:#BE530B;border-top-style:solid;border-right-color:#BE530B;border-right-style:solid;border-bottom-color:#BE530B;border-bottom-style:solid;border-left-color:#BE530B;border-left-style:solid;}.kt-accordion-id429_7d9ce7-da:not( .kt-accodion-icon-style-basiccircle ):not( .kt-accodion-icon-style-xclosecircle ):not( .kt-accodion-icon-style-arrowcircle ) .kt-blocks-accordion-header.kt-accordion-panel-active .kt-blocks-accordion-icon-trigger:after, .kt-accordion-id429_7d9ce7-da:not( .kt-accodion-icon-style-basiccircle ):not( .kt-accodion-icon-style-xclosecircle ):not( .kt-accodion-icon-style-arrowcircle ) .kt-blocks-accordion-header.kt-accordion-panel-active .kt-blocks-accordion-icon-trigger:before{background:#ffffff;}.kt-accordion-id429_7d9ce7-da:not( .kt-accodion-icon-style-basic ):not( .kt-accodion-icon-style-xclose ):not( .kt-accodion-icon-style-arrow ) .kt-blocks-accordion-header.kt-accordion-panel-active .kt-blocks-accordion-icon-trigger{background:#ffffff;}.kt-accordion-id429_7d9ce7-da:not( .kt-accodion-icon-style-basic ):not( .kt-accodion-icon-style-xclose ):not( .kt-accodion-icon-style-arrow ) .kt-blocks-accordion-header.kt-accordion-panel-active .kt-blocks-accordion-icon-trigger:after, .kt-accordion-id429_7d9ce7-da:not( .kt-accodion-icon-style-basic ):not( .kt-accodion-icon-style-xclose ):not( .kt-accodion-icon-style-arrow ) .kt-blocks-accordion-header.kt-accordion-panel-active .kt-blocks-accordion-icon-trigger:before{background:#BE530B;}@media all and (max-width: 1024px){.kt-accordion-id429_7d9ce7-da .kt-accordion-panel-inner{border-top:0px solid transparent;border-right:0px solid transparent;border-bottom:0px solid transparent;border-left:0px solid transparent;}}@media all and (max-width: 1024px){.kt-accordion-id429_7d9ce7-da .wp-block-kadence-pane .kt-accordion-header-wrap .kt-blocks-accordion-header{border-top:0px solid #f2f2f2;border-right:0px solid #f2f2f2;border-bottom:0px solid #f2f2f2;border-left:0px solid #f2f2f2;}}@media all and (max-width: 1024px){.kt-accordion-id429_7d9ce7-da .kt-accordion-header-wrap .kt-blocks-accordion-header:hover, body:not(.hide-focus-outline) .kt-accordion-id429_7d9ce7-da .kt-accordion-header-wrap .kt-blocks-accordion-header:focus{border-top-color:#eeeeee;border-top-style:solid;border-right-color:#eeeeee;border-right-style:solid;border-bottom-color:#eeeeee;border-bottom-style:solid;border-left-color:#eeeeee;border-left-style:solid;}}@media all and (max-width: 1024px){.kt-accordion-id429_7d9ce7-da .kt-accordion-header-wrap .kt-blocks-accordion-header.kt-accordion-panel-active{border-top-color:#BE530B;border-top-style:solid;border-right-color:#BE530B;border-right-style:solid;border-bottom-color:#BE530B;border-bottom-style:solid;border-left-color:#BE530B;border-left-style:solid;}}@media all and (max-width: 767px){.kt-accordion-id429_7d9ce7-da .kt-accordion-inner-wrap{display:block;}.kt-accordion-id429_7d9ce7-da .kt-accordion-panel-inner{border-top:0px solid transparent;border-right:0px solid transparent;border-bottom:0px solid transparent;border-left:0px solid transparent;}.kt-accordion-id429_7d9ce7-da .wp-block-kadence-pane .kt-accordion-header-wrap .kt-blocks-accordion-header{border-top:0px solid #f2f2f2;border-right:0px solid #f2f2f2;border-bottom:0px solid #f2f2f2;border-left:0px solid #f2f2f2;}.kt-accordion-id429_7d9ce7-da .kt-accordion-header-wrap .kt-blocks-accordion-header:hover, body:not(.hide-focus-outline) .kt-accordion-id429_7d9ce7-da .kt-accordion-header-wrap .kt-blocks-accordion-header:focus{border-top-color:#eeeeee;border-top-style:solid;border-right-color:#eeeeee;border-right-style:solid;border-bottom-color:#eeeeee;border-bottom-style:solid;border-left-color:#eeeeee;border-left-style:solid;}.kt-accordion-id429_7d9ce7-da .kt-accordion-header-wrap .kt-blocks-accordion-header.kt-accordion-panel-active{border-top-color:#BE530B;border-top-style:solid;border-right-color:#BE530B;border-right-style:solid;border-bottom-color:#BE530B;border-bottom-style:solid;border-left-color:#BE530B;border-left-style:solid;}}<\/style>\n<div class=\"wp-block-kadence-accordion alignwide\"><div class=\"kt-accordion-wrap kt-accordion-id429_7d9ce7-da kt-accordion-has-2-panes kt-active-pane-0 kt-accordion-block kt-pane-header-alignment-left kt-accodion-icon-style-basic kt-accodion-icon-side-right\" style=\"max-width:none\"><div class=\"kt-accordion-inner-wrap\" data-allow-multiple-open=\"false\" data-start-open=\"0\">\n<div class=\"wp-block-kadence-pane kt-accordion-pane kt-accordion-pane-1 kt-pane429_eb10f6-d9\"><div class=\"kt-accordion-header-wrap\"><button class=\"kt-blocks-accordion-header kt-acccordion-button-label-show\"><span class=\"kt-blocks-accordion-title-wrap\"><span class=\"kt-blocks-accordion-title\">Vision:<\/span><\/span><span class=\"kt-blocks-accordion-icon-trigger\"><\/span><\/button><\/div><div class=\"kt-accordion-panel kt-accordion-panel-hidden\"><div class=\"kt-accordion-panel-inner\"><style>.wp-block-kadence-advancedheading.kt-adv-heading429_c42b96-6a, .wp-block-kadence-advancedheading.kt-adv-heading429_c42b96-6a[data-kb-block=\"kb-adv-heading429_c42b96-6a\"]{text-align:center;font-style:normal;}.wp-block-kadence-advancedheading.kt-adv-heading429_c42b96-6a mark, .wp-block-kadence-advancedheading.kt-adv-heading429_c42b96-6a[data-kb-block=\"kb-adv-heading429_c42b96-6a\"] mark{font-style:normal;color:#f76a0c;padding-top:0px;padding-right:0px;padding-bottom:0px;padding-left:0px;}<\/style>\n<h2 class=\"kt-adv-heading429_c42b96-6a wp-block-kadence-advancedheading\" data-kb-block=\"kb-adv-heading429_c42b96-6a\">To see children and youth who know their identity and fulfill God's purposes for their lives<\/h2>\n<\/div><\/div><\/div>\n\n\n\n<div class=\"wp-block-kadence-pane kt-accordion-pane kt-accordion-pane-2 kt-pane429_28a4bc-b5\"><div class=\"kt-accordion-header-wrap\"><button class=\"kt-blocks-accordion-header kt-acccordion-button-label-show\"><span class=\"kt-blocks-accordion-title-wrap\"><span class=\"kt-blocks-accordion-title\">Verse<\/span><\/span><span class=\"kt-blocks-accordion-icon-trigger\"><\/span><\/button><\/div><div class=\"kt-accordion-panel kt-accordion-panel-hidden\"><div class=\"kt-accordion-panel-inner\"><style>.wp-block-kadence-advancedheading.kt-adv-heading429_917421-27, .wp-block-kadence-advancedheading.kt-adv-heading429_917421-27[data-kb-block=\"kb-adv-heading429_917421-27\"]{font-style:normal;}.wp-block-kadence-advancedheading.kt-adv-heading429_917421-27 mark, .wp-block-kadence-advancedheading.kt-adv-heading429_917421-27[data-kb-block=\"kb-adv-heading429_917421-27\"] mark{font-style:normal;color:#f76a0c;padding-top:0px;padding-right:0px;padding-bottom:0px;padding-left:0px;}<\/style>\n<h3 class=\"kt-adv-heading429_917421-27 wp-block-kadence-advancedheading\" data-kb-block=\"kb-adv-heading429_917421-27\">\u00ab<em>Do not be conformed to the present world, but be transformed by the renewing of your mind. Then you will be able to prove what is the good and acceptable and perfect will of God.\"  Romans 12:2<\/em><\/h3>\n<\/div><\/div><\/div>\n<\/div><\/div><\/div>\n<\/div>\n<\/div>\n\n\n\n<div style=\"height:100px\" aria-hidden=\"true\" class=\"wp-block-spacer\"><\/div>\n\n\n<style>.wp-block-kadence-advancedheading.kt-adv-heading429_fc4b08-2e, .wp-block-kadence-advancedheading.kt-adv-heading429_fc4b08-2e[data-kb-block=\"kb-adv-heading429_fc4b08-2e\"]{text-align:center;font-style:normal;}.wp-block-kadence-advancedheading.kt-adv-heading429_fc4b08-2e mark, .wp-block-kadence-advancedheading.kt-adv-heading429_fc4b08-2e[data-kb-block=\"kb-adv-heading429_fc4b08-2e\"] mark{font-style:normal;color:#f76a0c;padding-top:0px;padding-right:0px;padding-bottom:0px;padding-left:0px;}<\/style>\n<h1 class=\"kt-adv-heading429_fc4b08-2e wp-block-kadence-advancedheading\" data-kb-block=\"kb-adv-heading429_fc4b08-2e\"><em><strong>Raising a generation<\/strong><\/em><\/h1>\n\n\n<style>.wp-block-kadence-advancedheading.kt-adv-heading429_7a8235-95, .wp-block-kadence-advancedheading.kt-adv-heading429_7a8235-95[data-kb-block=\"kb-adv-heading429_7a8235-95\"]{text-align:center;font-weight:normal;font-style:normal;}.wp-block-kadence-advancedheading.kt-adv-heading429_7a8235-95 mark, .wp-block-kadence-advancedheading.kt-adv-heading429_7a8235-95[data-kb-block=\"kb-adv-heading429_7a8235-95\"] mark{font-weight:normal;font-style:normal;color:#f76a0c;padding-top:0px;padding-right:0px;padding-bottom:0px;padding-left:0px;}<\/style>\n<h4 class=\"kt-adv-heading429_7a8235-95 ab-container-contentTexto wp-block-kadence-advancedheading\" data-kb-block=\"kb-adv-heading429_7a8235-95\">Over 120 youth and children come to participate in a time of worship and activities, receive Bible teaching and learn a weekly or monthly memory verse. Our long-term staff members are committed to discipling these youth and children in the ways of Jesus. We intentionally invest in their lives, talking with them, asking them questions, guiding them when they face di\ufb01culty in their homes, schools or with friends. Our vision for this ministry is to raise up leaders who recognize their identity as sons and daughters of God, who walk in His truth and bring life to those around them. We believe that children are also leaders in their community and that through this group, God longs to bring revival to the community of Gerardo Barrios. <\/h4>\n\n\n\n<div class=\"wp-block-media-text alignwide has-media-on-the-right is-stacked-on-mobile is-vertically-aligned-center is-image-fill has-vivid-green-cyan-background-color has-background\" style=\"grid-template-columns:auto 37%\"><div class=\"wp-block-media-text__content\">\n<div class=\"wp-block-group\" style=\"padding-top:2em;padding-right:2em;padding-bottom:2em;padding-left:2em\"><div class=\"wp-block-group__inner-container is-layout-flow wp-block-group-is-layout-flow\">\n<p class=\"has-text-align-center has-white-color has-text-color has-link-color wp-elements-5d41db3b698cd026c991cccdc4a6cb2b\" style=\"font-size:36px;line-height:1.2\"><strong>Little Ones<\/strong><\/p>\n\n\n\n<p class=\"has-text-align-center has-white-color has-text-color has-link-color has-extra-small-font-size wp-elements-37fad014a2f9b8ab37228c2180b97bf5\">Children 4-6 years old<\/p>\n<\/div><\/div>\n<\/div><figure class=\"wp-block-media-text__media\" style=\"background-image:url(https:\/\/jucumes.org\/wp-content\/uploads\/2024\/05\/IMG_7594-1024x767.jpeg);background-position:77% 72%\"><img loading=\"lazy\" decoding=\"async\" width=\"1024\" height=\"767\" src=\"https:\/\/jucumes.org\/wp-content\/uploads\/2024\/05\/IMG_7594-1024x767.jpeg\" alt=\"\" class=\"wp-image-4346 size-full\" srcset=\"https:\/\/jucumes.org\/wp-content\/uploads\/2024\/05\/IMG_7594-1024x767.jpeg 1024w, https:\/\/jucumes.org\/wp-content\/uploads\/2024\/05\/IMG_7594-300x225.jpeg 300w, https:\/\/jucumes.org\/wp-content\/uploads\/2024\/05\/IMG_7594-768x575.jpeg 768w, https:\/\/jucumes.org\/wp-content\/uploads\/2024\/05\/IMG_7594-1536x1151.jpeg 1536w, https:\/\/jucumes.org\/wp-content\/uploads\/2024\/05\/IMG_7594-2048x1534.jpeg 2048w, https:\/\/jucumes.org\/wp-content\/uploads\/2024\/05\/IMG_7594-16x12.jpeg 16w, https:\/\/jucumes.org\/wp-content\/uploads\/2024\/05\/IMG_7594-600x450.jpeg 600w\" sizes=\"(max-width: 1024px) 100vw, 1024px\" \/><\/figure><\/div>\n\n\n\n<div style=\"height:100px\" aria-hidden=\"true\" class=\"wp-block-spacer\"><\/div>\n\n\n\n<div class=\"wp-block-media-text alignwide is-stacked-on-mobile is-vertically-aligned-center is-image-fill has-vivid-cyan-blue-background-color has-background\" style=\"grid-template-columns:37% auto\"><figure class=\"wp-block-media-text__media\" style=\"background-image:url(https:\/\/jucumes.org\/wp-content\/uploads\/2024\/05\/IMG_7607-1024x767.jpeg);background-position:50% 50%\"><img loading=\"lazy\" decoding=\"async\" width=\"1024\" height=\"767\" src=\"https:\/\/jucumes.org\/wp-content\/uploads\/2024\/05\/IMG_7607-1024x767.jpeg\" alt=\"\" class=\"wp-image-4356 size-full\" srcset=\"https:\/\/jucumes.org\/wp-content\/uploads\/2024\/05\/IMG_7607-1024x767.jpeg 1024w, https:\/\/jucumes.org\/wp-content\/uploads\/2024\/05\/IMG_7607-300x225.jpeg 300w, https:\/\/jucumes.org\/wp-content\/uploads\/2024\/05\/IMG_7607-768x575.jpeg 768w, https:\/\/jucumes.org\/wp-content\/uploads\/2024\/05\/IMG_7607-1536x1151.jpeg 1536w, https:\/\/jucumes.org\/wp-content\/uploads\/2024\/05\/IMG_7607-2048x1534.jpeg 2048w, https:\/\/jucumes.org\/wp-content\/uploads\/2024\/05\/IMG_7607-16x12.jpeg 16w, https:\/\/jucumes.org\/wp-content\/uploads\/2024\/05\/IMG_7607-600x450.jpeg 600w\" sizes=\"(max-width: 1024px) 100vw, 1024px\" \/><\/figure><div class=\"wp-block-media-text__content\">\n<div class=\"wp-block-group\" style=\"padding-top:2em;padding-right:2em;padding-bottom:2em;padding-left:2em\"><div class=\"wp-block-group__inner-container is-layout-flow wp-block-group-is-layout-flow\">\n<p class=\"has-text-align-center has-white-color has-text-color has-link-color wp-elements-9d861ff77eb348c1936fd06d4682a6d1\" style=\"font-size:36px;line-height:1.2\"><strong>Medianos<\/strong><\/p>\n\n\n\n<p class=\"has-text-align-center has-white-color has-text-color has-link-color has-extra-small-font-size wp-elements-97847e68c2a15b0c9de117b9b6fae6e2\">Children 7-9 years old<\/p>\n<\/div><\/div>\n<\/div><\/div>\n\n\n\n<div style=\"height:100px\" aria-hidden=\"true\" class=\"wp-block-spacer\"><\/div>\n\n\n\n<div class=\"wp-block-media-text alignwide has-media-on-the-right is-stacked-on-mobile is-vertically-aligned-center is-image-fill has-luminous-vivid-orange-background-color has-background\" style=\"grid-template-columns:auto 37%\"><div class=\"wp-block-media-text__content\">\n<div class=\"wp-block-group\" style=\"padding-top:2em;padding-right:2em;padding-bottom:2em;padding-left:2em\"><div class=\"wp-block-group__inner-container is-layout-flow wp-block-group-is-layout-flow\">\n<p class=\"has-text-align-center has-white-color has-text-color has-link-color wp-elements-8c58d21c50097149b56899f5f29fb41f\" style=\"font-size:36px;line-height:1.2\"><strong>Pre-Teens<\/strong><\/p>\n\n\n\n<p class=\"has-text-align-center has-white-color has-text-color has-link-color has-extra-small-font-size wp-elements-d2eb277640b35d196c1215c199a7536c\">Children 10-12 years old<\/p>\n<\/div><\/div>\n<\/div><figure class=\"wp-block-media-text__media\" style=\"background-image:url(https:\/\/jucumes.org\/wp-content\/uploads\/2024\/05\/15-1024x768.jpg);background-position:50% 50%\"><img loading=\"lazy\" decoding=\"async\" width=\"1024\" height=\"768\" src=\"https:\/\/jucumes.org\/wp-content\/uploads\/2024\/05\/15-1024x768.jpg\" alt=\"\" class=\"wp-image-4364 size-full\" srcset=\"https:\/\/jucumes.org\/wp-content\/uploads\/2024\/05\/15-1024x768.jpg 1024w, https:\/\/jucumes.org\/wp-content\/uploads\/2024\/05\/15-300x225.jpg 300w, https:\/\/jucumes.org\/wp-content\/uploads\/2024\/05\/15-768x576.jpg 768w, https:\/\/jucumes.org\/wp-content\/uploads\/2024\/05\/15-1536x1152.jpg 1536w, https:\/\/jucumes.org\/wp-content\/uploads\/2024\/05\/15-2048x1536.jpg 2048w, https:\/\/jucumes.org\/wp-content\/uploads\/2024\/05\/15-16x12.jpg 16w, https:\/\/jucumes.org\/wp-content\/uploads\/2024\/05\/15-600x450.jpg 600w\" sizes=\"(max-width: 1024px) 100vw, 1024px\" \/><\/figure><\/div>\n\n\n\n<div style=\"height:100px\" aria-hidden=\"true\" class=\"wp-block-spacer\"><\/div>\n\n\n\n<div class=\"wp-block-media-text alignwide is-stacked-on-mobile is-vertically-aligned-center is-image-fill has-black-color has-text-color has-background has-link-color wp-elements-dfb8776d536ac47e621b6e207bd980f8\" style=\"background-color:#8bf1cb;grid-template-columns:37% auto\"><figure class=\"wp-block-media-text__media\" style=\"background-image:url(https:\/\/jucumes.org\/wp-content\/uploads\/2024\/05\/IMG_7592-1024x768.jpeg);background-position:50% 50%\"><img loading=\"lazy\" decoding=\"async\" width=\"1024\" height=\"768\" src=\"https:\/\/jucumes.org\/wp-content\/uploads\/2024\/05\/IMG_7592-1024x768.jpeg\" alt=\"\" class=\"wp-image-4354 size-full\" srcset=\"https:\/\/jucumes.org\/wp-content\/uploads\/2024\/05\/IMG_7592-1024x768.jpeg 1024w, https:\/\/jucumes.org\/wp-content\/uploads\/2024\/05\/IMG_7592-300x225.jpeg 300w, https:\/\/jucumes.org\/wp-content\/uploads\/2024\/05\/IMG_7592-768x576.jpeg 768w, https:\/\/jucumes.org\/wp-content\/uploads\/2024\/05\/IMG_7592-1536x1152.jpeg 1536w, https:\/\/jucumes.org\/wp-content\/uploads\/2024\/05\/IMG_7592-2048x1536.jpeg 2048w, https:\/\/jucumes.org\/wp-content\/uploads\/2024\/05\/IMG_7592-16x12.jpeg 16w, https:\/\/jucumes.org\/wp-content\/uploads\/2024\/05\/IMG_7592-600x450.jpeg 600w\" sizes=\"(max-width: 1024px) 100vw, 1024px\" \/><\/figure><div class=\"wp-block-media-text__content\">\n<div class=\"wp-block-group\" style=\"padding-top:2em;padding-right:2em;padding-bottom:2em;padding-left:2em\"><div class=\"wp-block-group__inner-container is-layout-flow wp-block-group-is-layout-flow\">\n<p class=\"has-text-align-center has-black-color has-text-color has-link-color wp-elements-51672656f551c6244f3770b3681ec6bb\" style=\"font-size:36px;line-height:1.2\"><strong>Teenagers<\/strong><\/p>\n\n\n\n<p class=\"has-text-align-center has-text-color has-link-color has-extra-small-font-size wp-elements-66f75940eb24eed0c47a3c5a3bdfe87d\" style=\"color:#0e8358\">Adolescents 13-18 years old<\/p>\n<\/div><\/div>\n<\/div><\/div>\n\n\n\n<div style=\"height:100px\" aria-hidden=\"true\" class=\"wp-block-spacer\"><\/div>","protected":false},"excerpt":{"rendered":"<p>Levantando una generaci\u00f3n M\u00e1s de 120 j\u00f3venes y ni\u00f1os llegan para participar en un tiempo de adoraci\u00f3n y actividades, recibir una ense\u00f1anza b\u00edblica y aprender un vers\u00edculo de memorizaci\u00f3n semanal o mensual. Nuestros miembros del personal a largo plazo est\u00e1n comprometidos a discipular a estos j\u00f3venes y ni\u00f1os en los caminos de Jes\u00fas. Invertimos intencionalmente [&hellip;]<\/p>","protected":false},"author":2,"featured_media":0,"parent":0,"menu_order":0,"comment_status":"closed","ping_status":"closed","template":"","meta":{"two_page_speed":[],"footnotes":""},"class_list":["post-429","page","type-page","status-publish","hentry"],"featured_image_src":null,"featured_image_src_square":null,"_links":{"self":[{"href":"https:\/\/jucumes.org\/en\/wp-json\/wp\/v2\/pages\/429"}],"collection":[{"href":"https:\/\/jucumes.org\/en\/wp-json\/wp\/v2\/pages"}],"about":[{"href":"https:\/\/jucumes.org\/en\/wp-json\/wp\/v2\/types\/page"}],"author":[{"embeddable":true,"href":"https:\/\/jucumes.org\/en\/wp-json\/wp\/v2\/users\/2"}],"replies":[{"embeddable":true,"href":"https:\/\/jucumes.org\/en\/wp-json\/wp\/v2\/comments?post=429"}],"version-history":[{"count":17,"href":"https:\/\/jucumes.org\/en\/wp-json\/wp\/v2\/pages\/429\/revisions"}],"predecessor-version":[{"id":4368,"href":"https:\/\/jucumes.org\/en\/wp-json\/wp\/v2\/pages\/429\/revisions\/4368"}],"wp:attachment":[{"href":"https:\/\/jucumes.org\/en\/wp-json\/wp\/v2\/media?parent=429"}],"curies":[{"name":"wp","href":"https:\/\/api.w.org\/{rel}","templated":true}]}}