{"id":631,"date":"2019-08-15T19:09:20","date_gmt":"2019-08-15T19:09:20","guid":{"rendered":"http:\/\/jucumss.onedaysv.com\/?page_id=631"},"modified":"2019-10-04T05:12:57","modified_gmt":"2019-10-04T05:12:57","slug":"futbol","status":"publish","type":"page","link":"https:\/\/jucumes.org\/en\/futbol\/","title":{"rendered":"[:es]LOS DISC\u00cdPULOS F\u00daTBOL CLUB [:en]THE DISCIPLES SOCCER CLUB[:]"},"content":{"rendered":"<div style=\"background-color:#0b0b0b;padding-left:5%;padding-right:5%;padding-bottom:15%;padding-top:15%\" class=\"wp-block-atomic-blocks-ab-container ab-layout-hero-1 ab-block-container alignfull\"><div class=\"ab-container-inside\"><div class=\"ab-container-image-wrap\"><img decoding=\"async\" class=\"ab-container-image has-background-dim\" object-fit=\"cover\"  src=\"http:\/\/jucumss.onedaysv.com\/wp-content\/uploads\/2019\/10\/thumbnail_IMG_2498-1.jpg\" alt=\"\"\/><\/div><div class=\"ab-container-content\" style=\"max-width:850px\"><style>.wp-block-kadence-advancedheading.kt-adv-heading_368318-d3, .wp-block-kadence-advancedheading.kt-adv-heading_368318-d3[data-kb-block=\"kb-adv-heading_368318-d3\"]{text-align:center;font-style:normal;color:#fff;}.wp-block-kadence-advancedheading.kt-adv-heading_368318-d3 mark, .wp-block-kadence-advancedheading.kt-adv-heading_368318-d3[data-kb-block=\"kb-adv-heading_368318-d3\"] mark{font-style:normal;color:#f76a0c;padding-top:0px;padding-right:0px;padding-bottom:0px;padding-left:0px;}<\/style>\n<h3 id=\"kt-adv-heading_368318-d3\" class=\"kt-adv-heading_368318-d3 wp-block-kadence-advancedheading\" style=\"text-align:center;color:#fff\"> [:es] Visi\u00f3n: ver los participantes viviendo una relaci\u00f3n \u00edntegra con Dios, con su pr\u00f3jimo y consigo mismo, usando el deporte como un canal de recreaci\u00f3n sana, siendo influencia dentro de su comunidad y fuera de ella.&nbsp;[:en]Vision:&nbsp;to see participants living a complete relationship with God, with others and with themselves, using sports as a channel for healthy recreation, being an influence in and out of their community.&nbsp;&nbsp; [:]<\/h3>\n<\/div><\/div><\/div>\n\n\n\n<div style=\"background-color:#eee;padding-left:1%;padding-right:1%;padding-bottom:3%;padding-top:3%\" class=\"wp-block-atomic-blocks-ab-container ab-layout-hero-1 ab-block-container alignfull\"><div class=\"ab-container-inside\"><div class=\"ab-container-content\" style=\"max-width:1600px\"><style>.wp-block-kadence-column.kb-section-dir-horizontal > .kt-inside-inner-col > #kt-info-box_11cd94-60 .kt-blocks-info-box-link-wrap{max-width:unset;}#kt-info-box_11cd94-60 .kt-blocks-info-box-link-wrap{border-top-width:0px;border-right-width:0px;border-bottom-width:0px;border-left-width:0px;background:#3c5daa;padding-top:20px;padding-right:20px;padding-bottom:20px;padding-left:20px;}#kt-info-box_11cd94-60 .kt-blocks-info-box-link-wrap:hover{background:#3c5daa;}#kt-info-box_11cd94-60.wp-block-kadence-infobox{max-width:100%;}#kt-info-box_11cd94-60 .kadence-info-box-image-inner-intrisic-container .kadence-info-box-image-intrisic{max-width:100%;}#kt-info-box_11cd94-60 .kadence-info-box-icon-container .kt-info-svg-icon, #kt-info-box_11cd94-60 .kt-info-svg-icon-flip, #kt-info-box_11cd94-60 .kt-blocks-info-box-number{font-size:80px;}#kt-info-box_11cd94-60 .kt-blocks-info-box-media{color:#ffffff;background:transparent;border-color:#444444;border-top-width:0px;border-right-width:0px;border-bottom-width:0px;border-left-width:0px;padding-top:10px;padding-right:10px;padding-bottom:10px;padding-left:10px;}#kt-info-box_11cd94-60 .kt-blocks-info-box-media-container{margin-top:0px;margin-right:15px;margin-bottom:0px;margin-left:15px;}#kt-info-box_11cd94-60 .kt-blocks-info-box-link-wrap:hover .kt-blocks-info-box-media{color:#ffffff;background:transparent;border-color:#444444;}#kt-info-box_11cd94-60 .kt-infobox-textcontent h4.kt-blocks-info-box-title{color:#ffffff;padding-top:0px;padding-right:0px;padding-bottom:0px;padding-left:0px;margin-top:5px;margin-right:0px;margin-bottom:10px;margin-left:0px;}#kt-info-box_11cd94-60 .kt-blocks-info-box-link-wrap:hover h4.kt-blocks-info-box-title{color:#ffffff;}#kt-info-box_11cd94-60 .kt-infobox-textcontent .kt-blocks-info-box-text{color:#ffffff;}#kt-info-box_11cd94-60 .kt-blocks-info-box-link-wrap:hover .kt-blocks-info-box-text{color:#ffffff;}#kt-info-box_11cd94-60 .kt-blocks-info-box-learnmore{color:#ffffff;background:#0A6689;border-color:#ffffff;border-width:0px 0px 0px 0px;padding-top:4px;padding-right:8px;padding-bottom:4px;padding-left:8px;margin-top:10px;margin-right:0px;margin-bottom:10px;margin-left:0px;}#kt-info-box_11cd94-60 .kt-blocks-info-box-link-wrap:hover .kt-blocks-info-box-learnmore{color:#0A6689;background:#ffffff;border-color:#ffffff;}<\/style>\n<div id=\"kt-info-box_11cd94-60\" class=\"wp-block-kadence-infobox alignwide\"><a class=\"kt-blocks-info-box-link-wrap kt-blocks-info-box-media-align-top kt-info-halign-center\" href=\"\/en\/Efesios 4:6 \u201c\u00c9l hace que todo el cuerpo encaje perfectamente. Y cada parte, al cumplir con su funci\u00f3n espec\u00edfica, ayuda a que las dem\u00e1s se desarrollen, y entonces todo el cuerpo crece y est\u00e1 sano y lleno de amor.\u201d\/\"><div class=\"kt-blocks-info-box-media-container\"><div class=\"kt-blocks-info-box-media kt-info-media-animate-none\"><\/div><\/div><div class=\"kt-infobox-textcontent\"><h4 class=\"kt-blocks-info-box-title\"><em>[:es]\u201c\u00c9l hace que todo el cuerpo encaje perfectamente. Y cada parte, al cumplir con su funci\u00f3n espec\u00edfica, ayuda a que las dem\u00e1s se desarrollen, y entonces todo el cuerpo crece y est\u00e1 sano y lleno de amor.\u201d  Efesios 4:6  [:en]\u201c From him the whole body, joined and held together by every supporting ligament, grows and builds itself up in love, as each part does its work.\u201d  Ephesians 4:16  [:]<\/em><\/h4><\/div><\/a><\/div>\n\n\n<style>.wp-block-kadence-advancedheading.kt-adv-heading_29d008-b6, .wp-block-kadence-advancedheading.kt-adv-heading_29d008-b6[data-kb-block=\"kb-adv-heading_29d008-b6\"]{font-style:normal;}.wp-block-kadence-advancedheading.kt-adv-heading_29d008-b6 mark, .wp-block-kadence-advancedheading.kt-adv-heading_29d008-b6[data-kb-block=\"kb-adv-heading_29d008-b6\"] mark{font-style:normal;color:#f76a0c;padding-top:0px;padding-right:0px;padding-bottom:0px;padding-left:0px;}<\/style>\n<h4 id=\"kt-adv-heading_29d008-b6\" class=\"kt-adv-heading_29d008-b6 ab-container-contentTexto wp-block-kadence-advancedheading\"> [:es] Todos los lunes, de treinta a cuarenta ni\u00f1os se re\u00fanen como parte de una peque\u00f1a escuela de f\u00fatbol. Para muchos de los ni\u00f1os de la comunidad, la oportunidad de aprender a jugar f\u00fatbol con amigos no suele ser una opci\u00f3n debido a preocupaciones de seguridad o por la falta de recursos. A trav\u00e9s de este programa, JUCUM no solo les permite a los ni\u00f1os hacer algo que aman y enfocar su energ\u00eda de una manera positiva; tambi\u00e9n est\u00e1n aprendiendo la importancia de trabajar en equipo, el respeto y otros valores importantes que in\ufb02uyen en sus vidas de muchas maneras. [:en] Every Monday, thirty to forty boys gather as part of a small soccer school. For many of the boys in the community,  the opportunity to learn to play soccer with friends wouldn\u2019t normally be an option because of safety concerns or because of the lack fo resources.  Through this program YWAM is not only allowing the kids to do something they love and focus their energy in a positive way, they are also learning the importance of working as a team, respect, and other important values which in\ufb02uence their lives in numerous ways.  [:]<\/h4>\n<\/div><\/div><\/div>\n\n\n\n<div class=\"wp-block-atomic-blocks-ab-columns ab-layout-service-2 ab-layout-columns-1 one-column ab-has-custom-background-color ab-columns-center alignfull\" style=\"padding-top:1%;padding-right:1%;padding-bottom:3%;padding-left:1%;background-color:#f1f1f1\"><div class=\"ab-layout-column-wrap ab-block-layout-column-gap-2 ab-is-responsive-column\" style=\"max-width:1600px\">\n<div class=\"wp-block-atomic-blocks-ab-column ab-block-layout-column\"><div class=\"ab-block-layout-column-inner\">\n<div class=\"wp-block-atomic-blocks-ab-container ab-block-container\"><div class=\"ab-container-inside\"><div class=\"ab-container-content\" style=\"max-width:700px\">\n<div class=\"wp-block-columns alignfull has-2-columns is-layout-flex wp-container-core-columns-is-layout-1 wp-block-columns-is-layout-flex\">\n<div class=\"wp-block-column is-layout-flow wp-block-column-is-layout-flow\">\n<figure class=\"wp-block-image\"><img loading=\"lazy\" decoding=\"async\" width=\"1024\" height=\"768\" src=\"http:\/\/jucumss.onedaysv.com\/wp-content\/uploads\/2019\/08\/IMG_1682-1024x768.jpeg\" alt=\"\" class=\"wp-image-646\" srcset=\"https:\/\/jucumes.org\/wp-content\/uploads\/2019\/08\/IMG_1682-1024x768.jpeg 1024w, https:\/\/jucumes.org\/wp-content\/uploads\/2019\/08\/IMG_1682-300x225.jpeg 300w, https:\/\/jucumes.org\/wp-content\/uploads\/2019\/08\/IMG_1682-768x576.jpeg 768w\" sizes=\"(max-width: 1024px) 100vw, 1024px\" \/><\/figure>\n<\/div>\n\n\n\n<div class=\"wp-block-column is-layout-flow wp-block-column-is-layout-flow\">\n<figure class=\"wp-block-image\"><img loading=\"lazy\" decoding=\"async\" width=\"1024\" height=\"768\" src=\"http:\/\/jucumss.onedaysv.com\/wp-content\/uploads\/2019\/10\/thumbnail_IMG_2490-1024x768.jpg\" alt=\"\" class=\"wp-image-1614\" srcset=\"https:\/\/jucumes.org\/wp-content\/uploads\/2019\/10\/thumbnail_IMG_2490-1024x768.jpg 1024w, https:\/\/jucumes.org\/wp-content\/uploads\/2019\/10\/thumbnail_IMG_2490-300x225.jpg 300w, https:\/\/jucumes.org\/wp-content\/uploads\/2019\/10\/thumbnail_IMG_2490-768x576.jpg 768w, https:\/\/jucumes.org\/wp-content\/uploads\/2019\/10\/thumbnail_IMG_2490.jpg 1280w\" sizes=\"(max-width: 1024px) 100vw, 1024px\" \/><\/figure>\n<\/div>\n<\/div>\n<\/div><\/div><\/div>\n\n\n\n<p><\/p>\n<\/div><\/div>\n<\/div><\/div>","protected":false},"excerpt":{"rendered":"","protected":false},"author":2,"featured_media":0,"parent":0,"menu_order":0,"comment_status":"closed","ping_status":"closed","template":"","meta":{"two_page_speed":[],"footnotes":""},"class_list":["post-631","page","type-page","status-publish","hentry"],"featured_image_src":null,"featured_image_src_square":null,"_links":{"self":[{"href":"https:\/\/jucumes.org\/en\/wp-json\/wp\/v2\/pages\/631"}],"collection":[{"href":"https:\/\/jucumes.org\/en\/wp-json\/wp\/v2\/pages"}],"about":[{"href":"https:\/\/jucumes.org\/en\/wp-json\/wp\/v2\/types\/page"}],"author":[{"embeddable":true,"href":"https:\/\/jucumes.org\/en\/wp-json\/wp\/v2\/users\/2"}],"replies":[{"embeddable":true,"href":"https:\/\/jucumes.org\/en\/wp-json\/wp\/v2\/comments?post=631"}],"version-history":[{"count":1,"href":"https:\/\/jucumes.org\/en\/wp-json\/wp\/v2\/pages\/631\/revisions"}],"predecessor-version":[{"id":2780,"href":"https:\/\/jucumes.org\/en\/wp-json\/wp\/v2\/pages\/631\/revisions\/2780"}],"wp:attachment":[{"href":"https:\/\/jucumes.org\/en\/wp-json\/wp\/v2\/media?parent=631"}],"curies":[{"name":"wp","href":"https:\/\/api.w.org\/{rel}","templated":true}]}}