{"id":714,"date":"2019-08-22T22:37:45","date_gmt":"2019-08-22T22:37:45","guid":{"rendered":"http:\/\/jucumss.onedaysv.com\/?page_id=714"},"modified":"2024-05-07T18:07:03","modified_gmt":"2024-05-07T18:07:03","slug":"ministerio-esdras","status":"publish","type":"page","link":"https:\/\/jucumes.org\/en\/ministerio-esdras\/","title":{"rendered":""},"content":{"rendered":"<div class=\"wp-block-cover is-light\"><span aria-hidden=\"true\" class=\"wp-block-cover__background has-background-dim\" style=\"background-color:#58a5d5\"><\/span><img loading=\"lazy\" decoding=\"async\" width=\"2048\" height=\"1536\" class=\"wp-block-cover__image-background wp-image-4289\" alt=\"\" src=\"https:\/\/jucumes.org\/wp-content\/uploads\/2024\/05\/8.jpg\" data-object-fit=\"cover\" srcset=\"https:\/\/jucumes.org\/wp-content\/uploads\/2024\/05\/8.jpg 2048w, https:\/\/jucumes.org\/wp-content\/uploads\/2024\/05\/8-300x225.jpg 300w, https:\/\/jucumes.org\/wp-content\/uploads\/2024\/05\/8-1024x768.jpg 1024w, https:\/\/jucumes.org\/wp-content\/uploads\/2024\/05\/8-768x576.jpg 768w, https:\/\/jucumes.org\/wp-content\/uploads\/2024\/05\/8-1536x1152.jpg 1536w, https:\/\/jucumes.org\/wp-content\/uploads\/2024\/05\/8-16x12.jpg 16w, https:\/\/jucumes.org\/wp-content\/uploads\/2024\/05\/8-600x450.jpg 600w\" sizes=\"(max-width: 2048px) 100vw, 2048px\" \/><div class=\"wp-block-cover__inner-container is-layout-constrained wp-block-cover-is-layout-constrained\"><style>.wp-block-kadence-advancedheading.kt-adv-heading714_413b4a-c1, .wp-block-kadence-advancedheading.kt-adv-heading714_413b4a-c1[data-kb-block=\"kb-adv-heading714_413b4a-c1\"]{text-align:center;font-size:var(--global-kb-font-size-xxl, 4rem);font-weight:400;font-style:normal;font-family:Antonio;}.wp-block-kadence-advancedheading.kt-adv-heading714_413b4a-c1 mark, .wp-block-kadence-advancedheading.kt-adv-heading714_413b4a-c1[data-kb-block=\"kb-adv-heading714_413b4a-c1\"] mark{font-style:normal;color:#f76a0c;padding-top:0px;padding-right:0px;padding-bottom:0px;padding-left:0px;}<\/style>\n<p class=\"kt-adv-heading714_413b4a-c1 wp-block-kadence-advancedheading has-white-color has-text-color\" data-kb-block=\"kb-adv-heading714_413b4a-c1\"><strong>Ezra<\/strong><\/p>\n<\/div><\/div>\n\n\n\n<div style=\"height:100px\" aria-hidden=\"true\" class=\"wp-block-spacer\"><\/div>\n\n\n\n<div class=\"wp-block-columns is-layout-flex wp-container-core-columns-is-layout-1 wp-block-columns-is-layout-flex\">\n<div class=\"wp-block-column is-vertically-aligned-center is-layout-flow wp-block-column-is-layout-flow\" style=\"flex-basis:33.33%\"><style>.kt-accordion-id714_78bac2-42 .kt-accordion-inner-wrap{column-gap:var(--global-kb-gap-md, 2rem);row-gap:10px;}.kt-accordion-id714_78bac2-42 .kt-accordion-panel-inner{border-top:0px solid transparent;border-right:0px solid transparent;border-bottom:0px solid transparent;border-left:0px solid transparent;background:#ffffff;padding-top:var(--global-kb-spacing-sm, 1.5rem);padding-right:var(--global-kb-spacing-sm, 1.5rem);padding-bottom:var(--global-kb-spacing-sm, 1.5rem);padding-left:var(--global-kb-spacing-sm, 1.5rem);}.kt-accordion-id714_78bac2-42 .wp-block-kadence-pane .kt-accordion-header-wrap .kt-blocks-accordion-header{border-top:0px solid #f2f2f2;border-right:0px solid #f2f2f2;border-bottom:0px solid #f2f2f2;border-left:0px solid #f2f2f2;border-top-left-radius:6px;border-top-right-radius:6px;border-bottom-right-radius:6px;border-bottom-left-radius:6px;background:#f2f2f2;color:#555555;padding-top:14px;padding-right:16px;padding-bottom:14px;padding-left:16px;}.kt-accordion-id714_78bac2-42:not( .kt-accodion-icon-style-basiccircle ):not( .kt-accodion-icon-style-xclosecircle ):not( .kt-accodion-icon-style-arrowcircle ) .kt-blocks-accordion-icon-trigger:after, .kt-accordion-id714_78bac2-42:not( .kt-accodion-icon-style-basiccircle ):not( .kt-accodion-icon-style-xclosecircle ):not( .kt-accodion-icon-style-arrowcircle ) .kt-blocks-accordion-icon-trigger:before{background:#555555;}.kt-accordion-id714_78bac2-42:not( .kt-accodion-icon-style-basic ):not( .kt-accodion-icon-style-xclose ):not( .kt-accodion-icon-style-arrow ) .kt-blocks-accordion-icon-trigger{background:#555555;}.kt-accordion-id714_78bac2-42:not( .kt-accodion-icon-style-basic ):not( .kt-accodion-icon-style-xclose ):not( .kt-accodion-icon-style-arrow ) .kt-blocks-accordion-icon-trigger:after, .kt-accordion-id714_78bac2-42:not( .kt-accodion-icon-style-basic ):not( .kt-accodion-icon-style-xclose ):not( .kt-accodion-icon-style-arrow ) .kt-blocks-accordion-icon-trigger:before{background:#f2f2f2;}.kt-accordion-id714_78bac2-42 .kt-accordion-header-wrap .kt-blocks-accordion-header:hover, body:not(.hide-focus-outline) .kt-accordion-id714_78bac2-42 .kt-accordion-header-wrap .kt-blocks-accordion-header:focus{color:#444444;background:#eeeeee;border-top-color:#eeeeee;border-top-style:solid;border-right-color:#eeeeee;border-right-style:solid;border-bottom-color:#eeeeee;border-bottom-style:solid;border-left-color:#eeeeee;border-left-style:solid;}.kt-accordion-id714_78bac2-42:not( .kt-accodion-icon-style-basiccircle ):not( .kt-accodion-icon-style-xclosecircle ):not( .kt-accodion-icon-style-arrowcircle ) .kt-blocks-accordion-header:hover .kt-blocks-accordion-icon-trigger:after, .kt-accordion-id714_78bac2-42:not( .kt-accodion-icon-style-basiccircle ):not( .kt-accodion-icon-style-xclosecircle ):not( .kt-accodion-icon-style-arrowcircle ) .kt-blocks-accordion-header:hover .kt-blocks-accordion-icon-trigger:before, body:not(.hide-focus-outline) .kt-accordion-id714_78bac2-42:not( .kt-accodion-icon-style-basiccircle ):not( .kt-accodion-icon-style-xclosecircle ):not( .kt-accodion-icon-style-arrowcircle ) .kt-blocks-accordion-header:focus .kt-blocks-accordion-icon-trigger:after, body:not(.hide-focus-outline) .kt-accordion-id714_78bac2-42:not( .kt-accodion-icon-style-basiccircle ):not( .kt-accodion-icon-style-xclosecircle ):not( .kt-accodion-icon-style-arrowcircle ) .kt-blocks-accordion-header:focus .kt-blocks-accordion-icon-trigger:before{background:#444444;}.kt-accordion-id714_78bac2-42:not( .kt-accodion-icon-style-basic ):not( .kt-accodion-icon-style-xclose ):not( .kt-accodion-icon-style-arrow ) .kt-blocks-accordion-header:hover .kt-blocks-accordion-icon-trigger, body:not(.hide-focus-outline) .kt-accordion-id714_78bac2-42:not( .kt-accodion-icon-style-basic ):not( .kt-accodion-icon-style-xclose ):not( .kt-accodion-icon-style-arrow ) .kt-blocks-accordion-header:focus .kt-blocks-accordion-icon-trigger{background:#444444;}.kt-accordion-id714_78bac2-42:not( .kt-accodion-icon-style-basic ):not( .kt-accodion-icon-style-xclose ):not( .kt-accodion-icon-style-arrow ) .kt-blocks-accordion-header:hover .kt-blocks-accordion-icon-trigger:after, .kt-accordion-id714_78bac2-42:not( .kt-accodion-icon-style-basic ):not( .kt-accodion-icon-style-xclose ):not( .kt-accodion-icon-style-arrow ) .kt-blocks-accordion-header:hover .kt-blocks-accordion-icon-trigger:before, body:not(.hide-focus-outline) .kt-accordion-id714_78bac2-42:not( .kt-accodion-icon-style-basic ):not( .kt-accodion-icon-style-xclose ):not( .kt-accodion-icon-style-arrow ) .kt-blocks-accordion-header:focus .kt-blocks-accordion-icon-trigger:after, body:not(.hide-focus-outline) .kt-accordion-id714_78bac2-42:not( .kt-accodion-icon-style-basic ):not( .kt-accodion-icon-style-xclose ):not( .kt-accodion-icon-style-arrow ) .kt-blocks-accordion-header:focus .kt-blocks-accordion-icon-trigger:before{background:#eeeeee;}.kt-accordion-id714_78bac2-42 .kt-accordion-header-wrap .kt-blocks-accordion-header.kt-accordion-panel-active{color:#ffffff;background:#BE530B;border-top-color:#BE530B;border-top-style:solid;border-right-color:#BE530B;border-right-style:solid;border-bottom-color:#BE530B;border-bottom-style:solid;border-left-color:#BE530B;border-left-style:solid;}.kt-accordion-id714_78bac2-42:not( .kt-accodion-icon-style-basiccircle ):not( .kt-accodion-icon-style-xclosecircle ):not( .kt-accodion-icon-style-arrowcircle ) .kt-blocks-accordion-header.kt-accordion-panel-active .kt-blocks-accordion-icon-trigger:after, .kt-accordion-id714_78bac2-42:not( .kt-accodion-icon-style-basiccircle ):not( .kt-accodion-icon-style-xclosecircle ):not( .kt-accodion-icon-style-arrowcircle ) .kt-blocks-accordion-header.kt-accordion-panel-active .kt-blocks-accordion-icon-trigger:before{background:#ffffff;}.kt-accordion-id714_78bac2-42:not( .kt-accodion-icon-style-basic ):not( .kt-accodion-icon-style-xclose ):not( .kt-accodion-icon-style-arrow ) .kt-blocks-accordion-header.kt-accordion-panel-active .kt-blocks-accordion-icon-trigger{background:#ffffff;}.kt-accordion-id714_78bac2-42:not( .kt-accodion-icon-style-basic ):not( .kt-accodion-icon-style-xclose ):not( .kt-accodion-icon-style-arrow ) .kt-blocks-accordion-header.kt-accordion-panel-active .kt-blocks-accordion-icon-trigger:after, .kt-accordion-id714_78bac2-42:not( .kt-accodion-icon-style-basic ):not( .kt-accodion-icon-style-xclose ):not( .kt-accodion-icon-style-arrow ) .kt-blocks-accordion-header.kt-accordion-panel-active .kt-blocks-accordion-icon-trigger:before{background:#BE530B;}@media all and (max-width: 1024px){.kt-accordion-id714_78bac2-42 .kt-accordion-panel-inner{border-top:0px solid transparent;border-right:0px solid transparent;border-bottom:0px solid transparent;border-left:0px solid transparent;}}@media all and (max-width: 1024px){.kt-accordion-id714_78bac2-42 .wp-block-kadence-pane .kt-accordion-header-wrap .kt-blocks-accordion-header{border-top:0px solid #f2f2f2;border-right:0px solid #f2f2f2;border-bottom:0px solid #f2f2f2;border-left:0px solid #f2f2f2;}}@media all and (max-width: 1024px){.kt-accordion-id714_78bac2-42 .kt-accordion-header-wrap .kt-blocks-accordion-header:hover, body:not(.hide-focus-outline) .kt-accordion-id714_78bac2-42 .kt-accordion-header-wrap .kt-blocks-accordion-header:focus{border-top-color:#eeeeee;border-top-style:solid;border-right-color:#eeeeee;border-right-style:solid;border-bottom-color:#eeeeee;border-bottom-style:solid;border-left-color:#eeeeee;border-left-style:solid;}}@media all and (max-width: 1024px){.kt-accordion-id714_78bac2-42 .kt-accordion-header-wrap .kt-blocks-accordion-header.kt-accordion-panel-active{border-top-color:#BE530B;border-top-style:solid;border-right-color:#BE530B;border-right-style:solid;border-bottom-color:#BE530B;border-bottom-style:solid;border-left-color:#BE530B;border-left-style:solid;}}@media all and (max-width: 767px){.kt-accordion-id714_78bac2-42 .kt-accordion-inner-wrap{display:block;}.kt-accordion-id714_78bac2-42 .kt-accordion-panel-inner{border-top:0px solid transparent;border-right:0px solid transparent;border-bottom:0px solid transparent;border-left:0px solid transparent;}.kt-accordion-id714_78bac2-42 .wp-block-kadence-pane .kt-accordion-header-wrap .kt-blocks-accordion-header{border-top:0px solid #f2f2f2;border-right:0px solid #f2f2f2;border-bottom:0px solid #f2f2f2;border-left:0px solid #f2f2f2;}.kt-accordion-id714_78bac2-42 .kt-accordion-header-wrap .kt-blocks-accordion-header:hover, body:not(.hide-focus-outline) .kt-accordion-id714_78bac2-42 .kt-accordion-header-wrap .kt-blocks-accordion-header:focus{border-top-color:#eeeeee;border-top-style:solid;border-right-color:#eeeeee;border-right-style:solid;border-bottom-color:#eeeeee;border-bottom-style:solid;border-left-color:#eeeeee;border-left-style:solid;}.kt-accordion-id714_78bac2-42 .kt-accordion-header-wrap .kt-blocks-accordion-header.kt-accordion-panel-active{border-top-color:#BE530B;border-top-style:solid;border-right-color:#BE530B;border-right-style:solid;border-bottom-color:#BE530B;border-bottom-style:solid;border-left-color:#BE530B;border-left-style:solid;}}<\/style>\n<div class=\"wp-block-kadence-accordion alignnone\"><div class=\"kt-accordion-wrap kt-accordion-id714_78bac2-42 kt-accordion-has-3-panes kt-active-pane-0 kt-accordion-block kt-pane-header-alignment-left kt-accodion-icon-style-basic kt-accodion-icon-side-right\" style=\"max-width:none\"><div class=\"kt-accordion-inner-wrap\" data-allow-multiple-open=\"false\" data-start-open=\"0\">\n<div class=\"wp-block-kadence-pane kt-accordion-pane kt-accordion-pane-3 kt-pane714_802992-53\"><div class=\"kt-accordion-header-wrap\"><button class=\"kt-blocks-accordion-header kt-acccordion-button-label-show\"><span class=\"kt-blocks-accordion-title-wrap\"><span class=\"kt-blocks-accordion-title\">Vision:<\/span><\/span><span class=\"kt-blocks-accordion-icon-trigger\"><\/span><\/button><\/div><div class=\"kt-accordion-panel kt-accordion-panel-hidden\"><div class=\"kt-accordion-panel-inner\"><style>.wp-block-kadence-advancedheading.kt-adv-heading714_5eee1f-0c, .wp-block-kadence-advancedheading.kt-adv-heading714_5eee1f-0c[data-kb-block=\"kb-adv-heading714_5eee1f-0c\"]{text-align:center;font-weight:normal;font-style:normal;}.wp-block-kadence-advancedheading.kt-adv-heading714_5eee1f-0c mark, .wp-block-kadence-advancedheading.kt-adv-heading714_5eee1f-0c[data-kb-block=\"kb-adv-heading714_5eee1f-0c\"] mark{font-weight:normal;font-style:normal;color:#f76a0c;padding-top:0px;padding-right:0px;padding-bottom:0px;padding-left:0px;}<\/style>\n<h4 class=\"kt-adv-heading714_5eee1f-0c ab-container-contentTexto wp-block-kadence-advancedheading\" data-kb-block=\"kb-adv-heading714_5eee1f-0c\">To facilitate the necessary resources for the intellectual, academic, professional and professional development of children, youth and adults, enabling them to achieve their dreams and goals with an impact that adds value to our society.<\/h4>\n\n\n<style>.wp-block-kadence-advancedheading.kt-adv-heading714_c25e2b-db, .wp-block-kadence-advancedheading.kt-adv-heading714_c25e2b-db[data-kb-block=\"kb-adv-heading714_c25e2b-db\"]{text-align:center;font-weight:normal;font-style:normal;}.wp-block-kadence-advancedheading.kt-adv-heading714_c25e2b-db mark, .wp-block-kadence-advancedheading.kt-adv-heading714_c25e2b-db[data-kb-block=\"kb-adv-heading714_c25e2b-db\"] mark{font-weight:normal;font-style:normal;color:#f76a0c;padding-top:0px;padding-right:0px;padding-bottom:0px;padding-left:0px;}<\/style>\n<h4 class=\"kt-adv-heading714_c25e2b-db ab-container-contentTexto wp-block-kadence-advancedheading\" data-kb-block=\"kb-adv-heading714_c25e2b-db\">Through the \"Ezra Ministry\", God is giving them the opportunity to make their dreams come true and learn this vital skill.<\/h4>\n<\/div><\/div><\/div>\n\n\n\n<div class=\"wp-block-kadence-pane kt-accordion-pane kt-accordion-pane-2 kt-pane714_6185c9-44\"><div class=\"kt-accordion-header-wrap\"><button class=\"kt-blocks-accordion-header kt-acccordion-button-label-show\"><span class=\"kt-blocks-accordion-title-wrap\"><span class=\"kt-blocks-accordion-title\">What is Ezra?<\/span><\/span><span class=\"kt-blocks-accordion-icon-trigger\"><\/span><\/button><\/div><div class=\"kt-accordion-panel kt-accordion-panel-hidden\"><div class=\"kt-accordion-panel-inner\"><style>.wp-block-kadence-advancedheading.kt-adv-heading714_798ea7-59, .wp-block-kadence-advancedheading.kt-adv-heading714_798ea7-59[data-kb-block=\"kb-adv-heading714_798ea7-59\"]{font-style:normal;}.wp-block-kadence-advancedheading.kt-adv-heading714_798ea7-59 mark, .wp-block-kadence-advancedheading.kt-adv-heading714_798ea7-59[data-kb-block=\"kb-adv-heading714_798ea7-59\"] mark{font-style:normal;color:#f76a0c;padding-top:0px;padding-right:0px;padding-bottom:0px;padding-left:0px;}<\/style>\n<h4 class=\"kt-adv-heading714_798ea7-59 wp-block-kadence-advancedheading\" data-kb-block=\"kb-adv-heading714_798ea7-59\">It is a ministry focused on education, we give classes or reinforcement to children either because they do not have a way to go to school or adults who for some reason of life, could not continue with their studies. We currently teach English classes<\/h4>\n<\/div><\/div><\/div>\n<\/div><\/div><\/div>\n<\/div>\n\n\n\n<div class=\"wp-block-column is-layout-flow wp-block-column-is-layout-flow\" style=\"flex-basis:66.66%\">\n<figure class=\"wp-block-video alignwide ab-layout-hero-1\"><video controls muted src=\"http:\/\/jucumes.org\/wp-content\/uploads\/2019\/08\/Esdras.mp4\"><\/video><\/figure>\n<\/div>\n<\/div>\n\n\n\n<div style=\"height:100px\" aria-hidden=\"true\" class=\"wp-block-spacer\"><\/div>\n\n\n<style>.wp-block-kadence-advancedheading.kt-adv-heading714_7ba94b-08, .wp-block-kadence-advancedheading.kt-adv-heading714_7ba94b-08[data-kb-block=\"kb-adv-heading714_7ba94b-08\"]{text-align:center;font-size:var(--global-kb-font-size-lg, 2rem);font-style:normal;}.wp-block-kadence-advancedheading.kt-adv-heading714_7ba94b-08 mark, .wp-block-kadence-advancedheading.kt-adv-heading714_7ba94b-08[data-kb-block=\"kb-adv-heading714_7ba94b-08\"] mark{font-style:normal;color:#f76a0c;padding-top:0px;padding-right:0px;padding-bottom:0px;padding-left:0px;}<\/style>\n<h1 class=\"kt-adv-heading714_7ba94b-08 wp-block-kadence-advancedheading\" data-kb-block=\"kb-adv-heading714_7ba94b-08\">History<\/h1>\n\n\n<style>.wp-block-kadence-advancedheading.kt-adv-heading714_cc0959-da, .wp-block-kadence-advancedheading.kt-adv-heading714_cc0959-da[data-kb-block=\"kb-adv-heading714_cc0959-da\"]{font-style:normal;}.wp-block-kadence-advancedheading.kt-adv-heading714_cc0959-da mark, .wp-block-kadence-advancedheading.kt-adv-heading714_cc0959-da[data-kb-block=\"kb-adv-heading714_cc0959-da\"] mark{font-style:normal;color:#f76a0c;padding-top:0px;padding-right:0px;padding-bottom:0px;padding-left:0px;}<\/style>\n<h4 class=\"kt-adv-heading714_cc0959-da wp-block-kadence-advancedheading\" data-kb-block=\"kb-adv-heading714_cc0959-da\"> Our literacy program, called \"Ezra Ministry,\" began in 2018 with about 17 students. In partnership with the Department of Education, students are offered the opportunity to learn to read and write, and even graduate with a diploma from their respective grades. The goal of this ministry is to open the door of opportunity to members of the community, regardless of their age. Many, due to obstacles in life, dropped out of school at an early age and never learned to read or write, limiting job opportunities and causing di\ufb01culty in helping their children with homework. <\/h4>\n\n\n<style>.wp-block-kadence-advancedheading.kt-adv-heading714_b79a9b-42, .wp-block-kadence-advancedheading.kt-adv-heading714_b79a9b-42[data-kb-block=\"kb-adv-heading714_b79a9b-42\"]{text-align:center;font-style:normal;}.wp-block-kadence-advancedheading.kt-adv-heading714_b79a9b-42 mark, .wp-block-kadence-advancedheading.kt-adv-heading714_b79a9b-42[data-kb-block=\"kb-adv-heading714_b79a9b-42\"] mark{font-style:normal;color:#f76a0c;padding-top:0px;padding-right:0px;padding-bottom:0px;padding-left:0px;}<\/style>\n<h4 class=\"kt-adv-heading714_b79a9b-42 wp-block-kadence-advancedheading\" data-kb-block=\"kb-adv-heading714_b79a9b-42\">Through the \"Ezra Ministry\", God is giving them the opportunity to make their dreams come true and learn this vital skill.<\/h4>\n\n\n\n<div style=\"height:100px\" aria-hidden=\"true\" class=\"wp-block-spacer\"><\/div>\n\n\n<style>.kb-gallery-id-714_0787e1-78 .kadence-blocks-gallery-item .kb-gal-image-radius{border-radius:0px 0px 0px 0px;;}<\/style><div class=\"kb-gallery-wrap-id-714_0787e1-78 alignnone wp-block-kadence-advancedgallery\"><div class=\"kb-gallery-ul kb-gallery-non-static kb-gallery-type-slider kb-gallery-id-714_0787e1-78 kb-gallery-caption-style-bottom-hover kb-gallery-filter-none\" data-image-filter=\"none\" data-lightbox-caption=\"true\"><div class=\"kt-blocks-carousel kt-carousel-container-dotstyle-dark\"><div class=\"kt-blocks-carousel-init kb-blocks-slider kt-carousel-arrowstyle-whiteondark kt-carousel-dotstyle-dark\" data-slider-anim-speed=\"400\" data-slider-scroll=\"1\" data-slider-arrows=\"true\" data-slider-fade=\"true\" data-slider-dots=\"true\"data-slider-type=\"slider\"  data-slider-hover-pause=\"false\" data-slider-auto=\"\" data-slider-speed=\"7000\"><div class=\"kb-slide-item kb-gallery-slide-item\"><div class=\"kadence-blocks-gallery-item\"><div class=\"kadence-blocks-gallery-item-inner\"><figure class=\"kb-gallery-figure kadence-blocks-gallery-item-hide-caption\" \"><div class=\"kb-gal-image-radius\"><div class=\"kb-gallery-image-contain kadence-blocks-gallery-intrinsic kb-gallery-image-ratio-land32 kb-has-image-ratio-land32\" ><img loading=\"lazy\" decoding=\"async\" src=\"https:\/\/jucumes.org\/wp-content\/uploads\/2024\/05\/9-1024x768.jpg\" width=\"640\" height=\"480\" alt=\"\" data-full-image=\"https:\/\/jucumes.org\/wp-content\/uploads\/2024\/05\/9.jpg\" data-light-image=\"https:\/\/jucumes.org\/wp-content\/uploads\/2024\/05\/9.jpg\" data-id=\"4298\" class=\"wp-image-4298 skip-lazy\" srcset=\"https:\/\/jucumes.org\/wp-content\/uploads\/2024\/05\/9-1024x768.jpg 1024w, https:\/\/jucumes.org\/wp-content\/uploads\/2024\/05\/9-300x225.jpg 300w, https:\/\/jucumes.org\/wp-content\/uploads\/2024\/05\/9-768x576.jpg 768w, https:\/\/jucumes.org\/wp-content\/uploads\/2024\/05\/9-1536x1152.jpg 1536w, https:\/\/jucumes.org\/wp-content\/uploads\/2024\/05\/9-16x12.jpg 16w, https:\/\/jucumes.org\/wp-content\/uploads\/2024\/05\/9-600x450.jpg 600w, https:\/\/jucumes.org\/wp-content\/uploads\/2024\/05\/9.jpg 2048w\" sizes=\"(max-width: 640px) 100vw, 640px\" \/><\/div><\/div><\/figure><\/div><\/div><\/div><div class=\"kb-slide-item kb-gallery-slide-item\"><div class=\"kadence-blocks-gallery-item\"><div class=\"kadence-blocks-gallery-item-inner\"><figure class=\"kb-gallery-figure kadence-blocks-gallery-item-hide-caption\" \"><div class=\"kb-gal-image-radius\"><div class=\"kb-gallery-image-contain kadence-blocks-gallery-intrinsic kb-gallery-image-ratio-land32 kb-has-image-ratio-land32\" ><img loading=\"lazy\" decoding=\"async\" src=\"https:\/\/jucumes.org\/wp-content\/uploads\/2024\/05\/10-1024x768.jpg\" width=\"640\" height=\"480\" alt=\"\" data-full-image=\"https:\/\/jucumes.org\/wp-content\/uploads\/2024\/05\/10.jpg\" data-light-image=\"https:\/\/jucumes.org\/wp-content\/uploads\/2024\/05\/10.jpg\" data-id=\"4299\" class=\"wp-image-4299 skip-lazy\" srcset=\"https:\/\/jucumes.org\/wp-content\/uploads\/2024\/05\/10-1024x768.jpg 1024w, https:\/\/jucumes.org\/wp-content\/uploads\/2024\/05\/10-300x225.jpg 300w, https:\/\/jucumes.org\/wp-content\/uploads\/2024\/05\/10-768x576.jpg 768w, https:\/\/jucumes.org\/wp-content\/uploads\/2024\/05\/10-1536x1152.jpg 1536w, https:\/\/jucumes.org\/wp-content\/uploads\/2024\/05\/10-16x12.jpg 16w, https:\/\/jucumes.org\/wp-content\/uploads\/2024\/05\/10-600x450.jpg 600w, https:\/\/jucumes.org\/wp-content\/uploads\/2024\/05\/10.jpg 2048w\" sizes=\"(max-width: 640px) 100vw, 640px\" \/><\/div><\/div><\/figure><\/div><\/div><\/div><\/div><\/div><\/div><\/div>","protected":false},"excerpt":{"rendered":"<p>Historia Nuestro programa de alfabetizaci\u00f3n, llamado \u00abMinisterio Esdras\u00bb, comenz\u00f3 en 2018 con alrededor de 17 estudiantes. En asociaci\u00f3n con el Departamento de Educaci\u00f3n, a los estudiantes se les ofrece la oportunidad de aprender a leer y escribir, e incluso a graduarse con un diploma de sus respectivos grados. El objetivo de este ministerio es abrir [&hellip;]<\/p>","protected":false},"author":2,"featured_media":0,"parent":0,"menu_order":0,"comment_status":"closed","ping_status":"closed","template":"","meta":{"two_page_speed":[],"footnotes":""},"class_list":["post-714","page","type-page","status-publish","hentry"],"featured_image_src":null,"featured_image_src_square":null,"_links":{"self":[{"href":"https:\/\/jucumes.org\/en\/wp-json\/wp\/v2\/pages\/714"}],"collection":[{"href":"https:\/\/jucumes.org\/en\/wp-json\/wp\/v2\/pages"}],"about":[{"href":"https:\/\/jucumes.org\/en\/wp-json\/wp\/v2\/types\/page"}],"author":[{"embeddable":true,"href":"https:\/\/jucumes.org\/en\/wp-json\/wp\/v2\/users\/2"}],"replies":[{"embeddable":true,"href":"https:\/\/jucumes.org\/en\/wp-json\/wp\/v2\/comments?post=714"}],"version-history":[{"count":21,"href":"https:\/\/jucumes.org\/en\/wp-json\/wp\/v2\/pages\/714\/revisions"}],"predecessor-version":[{"id":4388,"href":"https:\/\/jucumes.org\/en\/wp-json\/wp\/v2\/pages\/714\/revisions\/4388"}],"wp:attachment":[{"href":"https:\/\/jucumes.org\/en\/wp-json\/wp\/v2\/media?parent=714"}],"curies":[{"name":"wp","href":"https:\/\/api.w.org\/{rel}","templated":true}]}}